{"id":11757,"date":"2021-12-16T15:31:24","date_gmt":"2021-12-16T14:31:24","guid":{"rendered":"http:\/\/izola.imenik-seo.si\/?page_id=11757"},"modified":"2021-12-22T09:13:11","modified_gmt":"2021-12-22T08:13:11","slug":"gradivo-it","status":"publish","type":"page","link":"https:\/\/www.izo.sik.si\/it\/gradivo-it\/","title":{"rendered":"Materiale"},"content":{"rendered":"<h2>Materiale didattico della nostra biblioteca<\/h2>\n<h2><strong>Il circolo di studio Attenzione, un beb\u00e8 in arrivo<\/strong><\/h2>\n<p style=\"text-align: left;\"><a href=\"https:\/\/www.izo.sik.si\/wp-content\/uploads\/2021\/09\/O-programu-za-starse-in-otroke-SK-Pozor-otrok-prihaja-2021.pdf\">Uvod v program za bodo\u010de mamice, star\u0161e in druge<\/a><\/p>\n<p style=\"text-align: left;\">1.<a href=\"https:\/\/www.izo.sik.si\/wp-content\/uploads\/2021\/09\/Vadba-v-nosecnosti-in-po-porodu.pdf\"> Vadba v nose\u010dnosti in po porodu<\/a><\/p>\n<p style=\"text-align: left;\">2.<a href=\"https:\/\/www.izo.sik.si\/wp-content\/uploads\/2021\/09\/Splosno-o-pripravi-na-porod-in-potek-poroda.pdf\">Splo\u0161no o pripravi na porod in potek poroda<\/a><\/p>\n<p style=\"text-align: left;\">3. <a href=\"https:\/\/www.izo.sik.si\/wp-content\/uploads\/2021\/09\/Rokovanje-z-novorojencem-in-nega-novorojenca.pdf\">Rokovanje z novorojencem in nega novorojenca<\/a><\/p>\n<p style=\"text-align: left;\">4. <a href=\"https:\/\/www.izo.sik.si\/wp-content\/uploads\/2021\/09\/Dojenje-polozaji-za-dojenje-in-kaj-ce-dojenje-ne-stece.pdf\">Dojenje, polo\u017eaji za dojenje in kaj, \u010de dojenje ne ste\u010de<\/a><\/p>\n<p style=\"text-align: left;\">5. <a href=\"https:\/\/www.izo.sik.si\/wp-content\/uploads\/2021\/09\/Poporodno-obdobje-in-premagovanje-poporodnih-tezav.pdf\">Poporodno obdobje, premagovanje poporodnih te\u017eav<\/a><\/p>\n<p style=\"text-align: left;\">6. <a href=\"https:\/\/www.izo.sik.si\/wp-content\/uploads\/2021\/09\/Poporodna-depresija.pdf\">Poporodna depresija<\/a><\/p>\n<p style=\"text-align: left;\">7. <a href=\"https:\/\/www.izo.sik.si\/wp-content\/uploads\/2021\/09\/Prehrana-nosecnice-dojece-mamice-in-dojencka.pdf\">Prehrana nose\u010dnice, doje\u010de mamice in dojen\u010dka<\/a><\/p>\n<p style=\"text-align: left;\">8. <a href=\"https:\/\/www.izo.sik.si\/wp-content\/uploads\/2021\/09\/Priprava-sorojenca-na-novega-clana-druzine.pdf\">Priprava sorojenca na novega \u010dlana dru\u017eine<\/a><\/p>\n<p style=\"text-align: left;\">9. <a href=\"https:\/\/www.izo.sik.si\/wp-content\/uploads\/2021\/09\/Branje-tudi-premagovanje-tabu-tem.pdf\">Branje \u2013 tudi premagovanje tabu tem<\/a><\/p>\n<p style=\"text-align: left;\">10. <a href=\"https:\/\/www.izo.sik.si\/wp-content\/uploads\/2021\/09\/Ljudska-pravljica-simbolna-govorica-pravljic.pdf\">Ljudska pravljica \u2013 simbolna govorica pravljic<\/a><\/p>\n<p style=\"text-align: left;\">11. <a href=\"https:\/\/www.izo.sik.si\/wp-content\/uploads\/2021\/09\/Govorica-otroske-risbe-in-otrokova-ustvarjalnost.pdf\">Govorica otro\u0161ke risbe in otrokova ustvarjalnost<\/a><\/p>\n<p style=\"text-align: left;\">12.<a href=\"https:\/\/www.izo.sik.si\/wp-content\/uploads\/2021\/09\/Igra-in-igrace.pdf\"> Igra in igra\u010de \u2013 pomen, zbirka starih igra\u010d v izolski knji\u017enici<\/a><\/p>\n<p style=\"text-align: left;\">13. <a href=\"https:\/\/www.izo.sik.si\/wp-content\/uploads\/2021\/09\/Slikanice_izbor_gradiva.pdf\">Slikanice<\/a><\/p>\n<h2 style=\"text-align: left;\"><strong>Altro<\/strong>\u00a0<\/h2>\n<p style=\"text-align: left;\">1.<a href=\"https:\/\/www.izo.sik.si\/koticek-ustvarjalnosti\" target=\"_blank\" rel=\"noopener\">Mestna knji\u017enica Izola: koti\u010dek ustvarjalnosti &#8211; pregled razstav 2004 &#8211; 2018 (HTML)<\/a><\/p>\n<p style=\"text-align: left;\">2.<a href=\"https:\/\/www.izo.sik.si\/wp-content\/uploads\/2021\/09\/KOTICEK-USTVARJALNOSTI.pdf\" target=\"_blank\" rel=\"noopener\">Mestna knji\u017enica Izola: koti\u010dek ustvarjalnosti &#8211; pregled razstav 2004 &#8211; 2018 (PDF)<\/a><\/p>\n<p style=\"text-align: left;\">3.<a title=\"Refleskoterapija stopal\" href=\"https:\/\/www.izo.sik.si\/wp-content\/uploads\/2021\/09\/REFLEKSOTERAPIJA.pdf\">Refleksoterapija stopal<\/a><\/p>\n<p style=\"text-align: left;\">4.<a href=\"https:\/\/www.izo.sik.si\/wp-content\/uploads\/2021\/09\/REFLEKSOTERAPIJA-DLANI.pdf\">Refleskoterapija dlani<\/a><\/p>\n<p style=\"text-align: left;\">5.<a href=\"https:\/\/www.izo.sik.si\/wp-content\/uploads\/2021\/09\/ShemaRCdlani.pdf\">Refleskoterapija dlani &#8211; sheme<\/a><\/p>\n<p style=\"text-align: left;\">6.<a href=\"https:\/\/www.izo.sik.si\/wp-content\/uploads\/2021\/09\/UBENIK_RCM.pdf\">Refleksoconska masa\u017ea &#8211; u\u010dbenik<\/a><\/p>\n<p style=\"text-align: left;\">7.<a href=\"https:\/\/www.izo.sik.si\/wp-content\/uploads\/2021\/09\/Navodila-za-izdelavo-toaletne-torbice.pdf\">Navodila za izdelavo toaletne torbice<\/a><\/p>\n<p style=\"text-align: left;\">8.<a href=\"https:\/\/www.izo.sik.si\/wp-content\/uploads\/2021\/09\/Navodila-za-izdelavo-ovitka-za-telefon.pdf\">Navodila za izdelavo ovitka za telefon<\/a><\/p>\n<p style=\"text-align: left;\">9.<a href=\"https:\/\/www.izo.sik.si\/wp-content\/uploads\/2021\/09\/Zelezniska-proga-Trst-Porec.pdf\">\u017delezni\u0161ka proga Trst &#8211; Pore\u010d<\/a><\/p>\n<p style=\"text-align: left;\">10.<a href=\"https:\/\/www.izo.sik.si\/wp-content\/uploads\/2021\/09\/OTROCI-IN-IGRAE-.pdf\">Otroci in igra\u010de<\/a><\/p>\n<p style=\"text-align: left;\">11.<a href=\"https:\/\/www.izo.sik.si\/wp-content\/uploads\/2021\/09\/Sprehod-Otroci-in-igrae.pdf\">Sprehod-Otroci in igra\u010de<\/a><\/p>\n<p style=\"text-align: left;\">12.<a href=\"https:\/\/www.izo.sik.si\/wp-content\/uploads\/2021\/09\/Dnevi-evropske-kulturne-dediine-2020.pdf\">Sprehod-Brivci in frizerji<\/a><\/p>\n<p style=\"text-align: left;\">13.<a href=\"https:\/\/www.izo.sik.si\/wp-content\/uploads\/2021\/09\/Slovenske-jaslice.pdf\" target=\"_blank\" rel=\"noopener\">Slovenske jaslice<\/a><\/p>\n<p style=\"text-align: left;\">14.<a href=\"https:\/\/www.izo.sik.si\/wp-content\/uploads\/2021\/09\/50.-leta.pdf\" target=\"_blank\" rel=\"noopener\">50. leta v Slovenski Istri<\/a><\/p>\n<p style=\"text-align: left;\">15.<a href=\"https:\/\/www.izo.sik.si\/wp-content\/uploads\/2021\/09\/poezija-oe-mama-slovenska.pdf\" target=\"_blank\" rel=\"noopener\">Poezija, o\u010de, mama-slo.<\/a><\/p>\n<p style=\"text-align: left;\">16.<a href=\"https:\/\/www.izo.sik.si\/wp-content\/uploads\/2021\/09\/Poezija-oe-mama-dvojezina.pdf\" target=\"_blank\" rel=\"noopener\">Poezija, o\u010de, mama-ita.<\/a><\/p>\n<h2 style=\"text-align: left;\"><strong>Circoli di studio<\/strong><\/h2>\n<p style=\"text-align: left;\">1.<a href=\"https:\/\/www.izo.sik.si\/wp-content\/uploads\/2021\/09\/FILIPINI.pdf\">Filipini<\/a><\/p>\n<p style=\"text-align: left;\">2.<a href=\"https:\/\/www.izo.sik.si\/wp-content\/uploads\/2021\/09\/Porto-Novo.pdf\">Porto-Novo<\/a><\/p>\n<p style=\"text-align: left;\">3.<a href=\"https:\/\/www.izo.sik.si\/wp-content\/uploads\/2021\/09\/LIDIJA-IN-PRIJATELJICE-1.pdf\">Lidija in prijateljice<\/a><\/p>\n<p style=\"text-align: left;\">4.<a href=\"https:\/\/www.izo.sik.si\/wp-content\/uploads\/2021\/09\/BENIN-ppoint-2-1.pdf\">Benin<\/a><\/p>\n<p style=\"text-align: left;\">5.<a href=\"https:\/\/www.izo.sik.si\/wp-content\/uploads\/2021\/09\/SOAVA-K.pdf\">S\u00f4-ava<\/a><\/p>\n<p style=\"text-align: left;\">6.<a href=\"https:\/\/www.izo.sik.si\/wp-content\/uploads\/2021\/09\/Jezero-Tana.pdf\">Jezero Tana<\/a><\/p>\n<p style=\"text-align: left;\">7.<a href=\"https:\/\/www.izo.sik.si\/wp-content\/uploads\/2021\/09\/Dessie.pdf\">Dessie<\/a><\/p>\n<p style=\"text-align: left;\">8.<a href=\"https:\/\/www.youtube.com\/watch?v=jpapoK4ONfQ\">\u0160ivilja in \u0161karjice v Mestni knji\u017enici Izola<\/a><\/p>\n<p style=\"text-align: left;\">\u00a0<\/p>\n","protected":false},"excerpt":{"rendered":"<p>Materiale didattico della nostra biblioteca Il circolo di studio Attenzione, un beb\u00e8 in arrivo Uvod v program za bodo\u010de mamice, star\u0161e in druge 1. Vadba v nose\u010dnosti in po porodu [&hellip;]<\/p>\n","protected":false},"author":2,"featured_media":0,"parent":0,"menu_order":0,"comment_status":"closed","ping_status":"closed","template":"","meta":{"_acf_changed":false,"ngg_post_thumbnail":0,"footnotes":""},"class_list":["post-11757","page","type-page","status-publish","hentry"],"acf":[],"_links":{"self":[{"href":"https:\/\/www.izo.sik.si\/it\/wp-json\/wp\/v2\/pages\/11757","targetHints":{"allow":["GET"]}}],"collection":[{"href":"https:\/\/www.izo.sik.si\/it\/wp-json\/wp\/v2\/pages"}],"about":[{"href":"https:\/\/www.izo.sik.si\/it\/wp-json\/wp\/v2\/types\/page"}],"author":[{"embeddable":true,"href":"https:\/\/www.izo.sik.si\/it\/wp-json\/wp\/v2\/users\/2"}],"replies":[{"embeddable":true,"href":"https:\/\/www.izo.sik.si\/it\/wp-json\/wp\/v2\/comments?post=11757"}],"version-history":[{"count":12,"href":"https:\/\/www.izo.sik.si\/it\/wp-json\/wp\/v2\/pages\/11757\/revisions"}],"predecessor-version":[{"id":12023,"href":"https:\/\/www.izo.sik.si\/it\/wp-json\/wp\/v2\/pages\/11757\/revisions\/12023"}],"wp:attachment":[{"href":"https:\/\/www.izo.sik.si\/it\/wp-json\/wp\/v2\/media?parent=11757"}],"curies":[{"name":"wp","href":"https:\/\/api.w.org\/{rel}","templated":true}]}}