{"id":11769,"date":"2021-12-16T15:36:10","date_gmt":"2021-12-16T14:36:10","guid":{"rendered":"http:\/\/izola.imenik-seo.si\/?page_id=11769"},"modified":"2022-01-07T12:05:03","modified_gmt":"2022-01-07T11:05:03","slug":"zanimivi-izolani-it","status":"publish","type":"page","link":"https:\/\/www.izo.sik.si\/it\/zanimivi-izolani-it\/","title":{"rendered":"Isolani interessanti"},"content":{"rendered":"<h2><img fetchpriority=\"high\" decoding=\"async\" style=\"font-size: 16px;\" src=\"https:\/\/www.izo.sik.si\/images\/stories\/Slike\/grahek228.jpg\" alt=\"grahek228\" width=\"304\" height=\"228\"><\/h2>\n<p><strong>Isolani interessanti = Zanimivi Izolani : 100 : ritratti, portreti 2004-2020<\/strong><\/p>\n<table style=\"border-collapse: collapse; width: 100%;\">\n<tbody>\n<tr>\n<td style=\"width: 50%;\"><a href=\"https:\/\/www.izo.sik.si\/wp-content\/uploads\/2021\/12\/Zanimivi_Izolani_100_portreti_2004-2020.pdf\"><img decoding=\"async\" src=\"https:\/\/www.izo.sik.si\/wp-content\/uploads\/2021\/12\/izolani-100.jpg\" alt=\"\" width=\"280\" height=\"280\"><\/a><\/td>\n<td style=\"width: 50%;\"><a href=\"https:\/\/www.izo.sik.si\/wp-content\/uploads\/2021\/12\/Isolani_interessanti_100_ritratti_2004-2020.pdf\"><img decoding=\"async\" src=\"https:\/\/www.izo.sik.si\/wp-content\/uploads\/2021\/12\/ZI-Ita.jpg\" alt=\"\" width=\"280\" height=\"279\"><\/a><\/td>\n<\/tr>\n<\/tbody>\n<\/table>\n<p>Nel 2004 il Comune di Isola ha accettato la nostra idea di presentare gli Isolani interessanti e creativi oppure i gruppi interessanti nei vari settori della vita e del lavoro, inserendo l&#8217;attivit\u00e0 nella missione della biblioteca e nella collaborazione dello studio &#8216;perpetuum vita&#8217;. Lo scopo di questi coloqui serali \u00e8 la presentazione di queste persone, far conoscere il loro lavoro, le loro esperienze, con le quali contribuiscono a formare la nostra citt\u00e0. Da loro possiamo imparare molto oppure soltanto conoscere pi\u00f9 dettagliatamente il loro mestiere, il modo di vivere, di pensare e la loro creativit\u00e0.<br \/>\nAbbiamo invitato alla collaborazione la giornalista Nata\u0161a Ben\u010di\u010d, l&#8217;Isolana che dirige le serate con successo. Gli incontri sono sostenuti anche dai donatori: Scuola media alberghiera e turistica Isola, Libreria libris e giardinaggio Cedra.<\/p>\n<p>Contatto: Marina Hrs, 05\/66 31 280\/4<\/p>\n<p>I nostri ospiti sono stati:<\/p>\n<p><strong>Agnese Babi\u010d (20\/03\/2014)<br \/>\nAnton Baloh (17\/02\/2011)<br \/>\nDora Ben\u010di\u010d (20\/03\/2008)<br \/>\nNata\u0161a Ben\u010di\u010d (20\/05\/2010)<br \/>\nFrancka Bertalani\u010d (30\/03\/2006)<br \/>\nDorina Ber\u017ean (12\/11\/2009)<br \/>\nAle\u0161 Bolje (7\/12\/2017)<br \/>\nSuzana Bo\u017ei\u010d (09\/10\/2014)<br \/>\nDare Brezav\u0161\u010dek (29\/09\/2005)<br \/>\nLeon Bu\u010dar (29\/05\/2014)<br \/>\nRudi Bu\u010dar (09\/06\/2005)<br \/>\nMirna Bui\u0107 e Erik Toth (09\/02\/2012)<br \/>\nSelma Chicco (20\/09\/2007)<br \/>\nMaja Cilen\u0161ek (04\/02\/2010)<br \/>\nJasna \u010cebron (30\/05\/2019)<br \/>\nBoris \u010cuk (13\/06\/2019)<br \/>\nNelfi Depanger (17\/11\/2005)<br \/>\nAndrej Dernikovi\u010d (20\/10\/2005)<br \/>\n90<sup>o<\/sup> incontro degli \u00bbIsolani interessanti\u00ab (21\/11\/2018)<br \/>\nZorko De\u017ejot (24\/05\/2007)<br \/>\n\u017diga Dolher (04\/06\/2009)<br \/>\nTimi E\u0107imovi\u0107 (14\/03\/2013)<br \/>\nIvica Eva\u010di\u0107 Ivek (17\/11\/2016)<br \/>\nMojca Fatur (28\/02\/2008)<br \/>\nMiriam Feder (27\/02\/2020)<br \/>\nGoran Filipi (23\/11\/2006)<br \/>\nDarko Filiput (21\/10\/2010)<br \/>\nLorella Flego (15\/11. 2012)<br \/>\nBogdan Gerk (14\/06\/2007)<br \/>\nBojana e Lucio Gobbo (12\/09\/2019)<br \/>\nSre\u010dko Gomba\u010d (08\/06\/2006)<br \/>\nZvonko Grahek (20\/04\/2006)<br \/>\nNevenka Gregor\u010di\u010d (19\/05\/2005)<br \/>\nRemigio Gri\u017eoni\u010d (01\/10\/2009)<br \/>\nEnzo Hrovatin (17\/11\/2011)<br \/>\nMarina Hrs (17\/09\/2020)<br \/>\nLilijana Hrvatin (29\/03\/2012)<br \/>\nMirela Ivan\u010di\u010d (08\/04\/2010)<br \/>\nRajko Jakomin (18\/10\/2006)<br \/>\nAndrej Jereb (12\/12\/2012)<br \/>\nNada Jerman (18\/06\/2020)<br \/>\nKlarisa Jovanovi\u010d (24\/04\/2008)<br \/>\nJubilejno sre\u010danje 20. gostov (15\/03\/2007)<br \/>\nEdelman Jurin\u010di\u010d (14\/06\/2018)<br \/>\nAnton Juri\u0161evi\u010d &#8211; Ton\u010dek (13\/11\/2008)<br \/>\nRok Kleva Ivan\u010di\u010d (18\/09\/2008)<br \/>\nTomislav Kloko\u010dovnik (10\/01\/2008)<br \/>\nBoris Kobal (23\/04\/2015)<br \/>\nJanez Kobal (20\/02\/2014)<br \/>\nErvin Kocjan\u010di\u010d (28\/05\/2015)<br \/>\nSandra Kocjan\u010di\u010d (12\/02\/2015)<br \/>\nIgor Kolenc (13\/01\/2011)<br \/>\nMiran e Matej Korenika (25\/11\/2010)<br \/>\nLara Kralj (19\/03\/2009)<br \/>\nMarjan Kralj (08\/09\/2014)<br \/>\nAljo\u0161a Kri\u017e (21\/04\/2011)<br \/>\nMartina Ljubi\u010d (23\/04\/2009)<br \/>\nJo\u017eef Lorbek &#8211; Jo\u0161t (14\/01\/2010)<br \/>\nMirando Lovre\u010di\u010d (18\/05\/2006)<br \/>\nDanilo Marko\u010di\u010d (15\/12\/2011)<br \/>\nBranko Miklobu\u0161ec (24\/03\/2005)<br \/>\nDrago Mislej (14\/11\/2013)<br \/>\nJudita Mi\u0161ko (18\/10\/2007)<br \/>\nNada Morato (21\/04\/2005)<br \/>\nMarjan Motoh (26\/02\/2009)<br \/>\nRadivoj Nardin (28\/11\/2019)<br \/>\nSlavica Nastovski (29\/11\/2007)<br \/>\nMirko Orla\u010d (15\/12\/2016)<br \/>\nVlado Ostrou\u0161ka (13\/12\/2012)<br \/>\nBreda Pe\u010dan (14\/12\/2004)<br \/>\nVanja Pegan (19\/04\/2007)<br \/>\nPevski zbor Sinji galeb (05\/03\/2015)<br \/>\nMarjetka Popovski (14\/05\/2009)<br \/>\nRozana Pre\u0161ern (5\/12\/2017)<br \/>\nElizabeta e Alen Pu\u0161pan (19\/05\/2011)<br \/>\nZvonka Radojevi\u010d (20\/10\/2016)<br \/>\nClaudia Raspoli\u010d (4\/10\/2018)<br \/>\nCelestina Ra\u017eman (22\/05\/2008)<br \/>\nAna Rodin (11\/12\/2008)<br \/>\nSara Rutar (07\/09\/2017)<br \/>\nTad\u017eedin e Adnan Salija (13\/01\/2005)<br \/>\nSilvano Sau (18\/11\/2004)<br \/>\nBranko Simonovi\u010d (25\/10\/2012)<br \/>\nDagmar e Aleksander Slekovec (23\/10\/2008)<br \/>\nKoni Steinbacher (10\/02\/2005)<\/strong><\/p>\n<p><strong>100 Isolani interessanti (10\/7\/2021)<br \/>\nNevio \u0160krli\u010d (10\/12\/2009)<br \/>\nMara \u0160olaja (24\/05\/2018)<br \/>\nRobert Turk (30\/05\/2013)<br \/>\nUr\u0161ulinke (21\/10\/2004)<br \/>\nIvo Vajgl (04\/07\/2019)<br \/>\nEta Val (17\/03\/2011)<br \/>\nMarisa Vi\u0161njevec Tuljak (18\/03\/2010)<br \/>\nNeva Zajc (16\/02\/2006)<br \/>\nBruno Zaro (11\/04\/2013)<br \/>\nVasilij \u017dbogar (16\/09\/2004)<br \/>\nSrdjan \u017divulovi\u0107 (24\/06\/2016)<br \/>\nFelice \u017di\u017ea (14\/11\/2017)<br \/>\nAnton \u017dlogar (05\/06\/2008)<br \/>\nGli Isolani Interessanti in occasione della commemorazione comunale della Festa nazionale slovena (24\/06\/2020)<\/strong><\/p>\n<p>&nbsp;<\/p>\n<p><strong>Zanimivi Izolani = Isolani interessanti : 100 : portreti, ritratti 2004-2020<\/strong><\/p>\n<p><img loading=\"lazy\" decoding=\"async\" src=\"https:\/\/www.izo.sik.si\/images\/stories\/Prireditve\/2020\/sponzorji_slo.jpg\" alt=\"\" width=\"700\" height=\"990\"><\/p>\n","protected":false},"excerpt":{"rendered":"<p>Isolani interessanti = Zanimivi Izolani : 100 : ritratti, portreti 2004-2020 Nel 2004 il Comune di Isola ha accettato la nostra idea di presentare gli Isolani interessanti e creativi oppure [&hellip;]<\/p>\n","protected":false},"author":2,"featured_media":0,"parent":0,"menu_order":0,"comment_status":"closed","ping_status":"closed","template":"","meta":{"_acf_changed":false,"ngg_post_thumbnail":0,"footnotes":""},"class_list":["post-11769","page","type-page","status-publish","hentry"],"acf":[],"_links":{"self":[{"href":"https:\/\/www.izo.sik.si\/it\/wp-json\/wp\/v2\/pages\/11769","targetHints":{"allow":["GET"]}}],"collection":[{"href":"https:\/\/www.izo.sik.si\/it\/wp-json\/wp\/v2\/pages"}],"about":[{"href":"https:\/\/www.izo.sik.si\/it\/wp-json\/wp\/v2\/types\/page"}],"author":[{"embeddable":true,"href":"https:\/\/www.izo.sik.si\/it\/wp-json\/wp\/v2\/users\/2"}],"replies":[{"embeddable":true,"href":"https:\/\/www.izo.sik.si\/it\/wp-json\/wp\/v2\/comments?post=11769"}],"version-history":[{"count":10,"href":"https:\/\/www.izo.sik.si\/it\/wp-json\/wp\/v2\/pages\/11769\/revisions"}],"predecessor-version":[{"id":12093,"href":"https:\/\/www.izo.sik.si\/it\/wp-json\/wp\/v2\/pages\/11769\/revisions\/12093"}],"wp:attachment":[{"href":"https:\/\/www.izo.sik.si\/it\/wp-json\/wp\/v2\/media?parent=11769"}],"curies":[{"name":"wp","href":"https:\/\/api.w.org\/{rel}","templated":true}]}}