{"id":11771,"date":"2021-12-16T15:36:33","date_gmt":"2021-12-16T14:36:33","guid":{"rendered":"http:\/\/izola.imenik-seo.si\/?page_id=11771"},"modified":"2025-01-20T12:54:57","modified_gmt":"2025-01-20T11:54:57","slug":"vitrina-ustvarjalnosti-it","status":"publish","type":"page","link":"https:\/\/www.izo.sik.si\/it\/vitrina-ustvarjalnosti-it\/","title":{"rendered":"La vetrina della creativit\u00e0"},"content":{"rendered":"<p>Negli spazi della nostra biblioteca \u00e8 situata una vetrina di vetro, destinata alle persone creative. Desideriamo che in essa le persone presentino i propri lavori: quadri, sculture, sculture in legno, tessuti a maglia, ricami, prodotti in pietre e altri materiali naturali, insomma qualunque cosa creino nel loro tempo libero. Le esposizioni si susseguono ogni mese ed il loro numero dipende dagli autori. Quando preparano la vetrina, possono invitare in biblioteca i propri parenti, amici e conoscenti e organizzano una piccola inaugurazione.<\/p>\n<p>Fino ad ora hanno esposto i propri lavori:<\/p>\n<p>2004<\/p>\n<ul>\n<li><strong>Turisti\u010dno dru\u0161tvo in Kulturno dru\u0161tvo Korte<\/strong>: Poro\u010dni kola\u010d<\/li>\n<li><strong>Nata\u0161a Fafangel<\/strong>: Krpanke<\/li>\n<li><strong>Marija Godina Pianecky<\/strong>: Poslikava stekla, kamnov in pirhov<\/li>\n<li><strong>Bla\u017e Gracar, Andrej Bu\u010dar<\/strong>: Stripi in knjiga<\/li>\n<li><strong>\u0160tefanija Vidrih Kajfe\u017e<\/strong>: Idrijska \u010dipka<\/li>\n<li><strong>Darko \u0160oli\u010d<\/strong>: Kamen, korenine in risbe<\/li>\n<\/ul>\n<p>2005<\/p>\n<ul>\n<li><strong>Nata\u0161a Po\u017ear<\/strong>: Mozaiki, okrasni predmeti, svilene rute in kravate<\/li>\n<li><strong>Dori Burubu<\/strong>: Izdelki iz slanega testa<\/li>\n<li><strong>Toma\u017e Kaligari\u010d<\/strong>: Militarije<\/li>\n<li><strong>\u0160entmar Koper<\/strong>: Keramika, kozolci, svilene rute, poslikano steklo<\/li>\n<li><strong>Toma\u017e in Ines iz \u0160entmara Koper<\/strong>: Leseni kozolci in pun\u010dke iz blaga<\/li>\n<li><strong>Tadej Muzafirovi\u010d Cerkvenik<\/strong>: Stare znamke<\/li>\n<li><strong>Sapana Gandharb<\/strong>: Bitja. Izdelki iz keramike.<\/li>\n<li><strong>Rahela Ma\u010di\u010d<\/strong>: Okrasni predmeti<\/li>\n<li><strong>Joanne Dubois<\/strong>: Izdelki iz odpadnih materialov in starega papirja<\/li>\n<li><strong>Janez in Marija Jane\u017ei\u010d<\/strong>: Stare knjige, stari \u0161olski predmeti<\/li>\n<li><strong>Patrik Posavac, Doris \u0160tefanec, Teja Kleva, Jernej Zupanc<\/strong>: Obeski za klju\u010de, okrasni predmeti, igra\u010dke<\/li>\n<li><strong>Dori Burubu, Ida Polh, Snje\u017eana Karinja, Marina Kurtin, Metka \u017dugelj, Lili Stevanovi\u010d,&nbsp; Julija \u0160vagelj Me\u017enar<\/strong>: Nakit, vo\u0161\u010dilnice, lovilci sanj, okrasni predmeti.<\/li>\n<\/ul>\n<p>2006<\/p>\n<ul>\n<li><strong>Varstveno delovni center Izola<\/strong>: Okrasni in uporabni predmeti<\/li>\n<li><strong>Gimnazija Piran<\/strong>: Ideje za turisti\u010dni spominek<\/li>\n<li><strong>Ana Kastelic<\/strong>: Mozaiki in slike<\/li>\n<li><strong>Nives Kaligari\u010d<\/strong>: Stari kuhinjski predmeti in kuharske knjige<\/li>\n<li><strong>Janez<\/strong>&nbsp;<strong>in<\/strong>&nbsp;<strong>Marija<\/strong>&nbsp;<strong>Jane\u017ei\u010d<\/strong>: Stare igra\u010de in \u0161olski predmeti<\/li>\n<li><strong>Dru\u0161tvo<\/strong>&nbsp;<strong>Faros<\/strong>&nbsp;<strong>Lucija<\/strong>&nbsp;&#8211; Univerza za tretje \u017eivljenjsko obdobje (pet \u010dipkaric: Mariela Batista, \u0160tefanija Vidrih Kajfe\u017e, Anamarija Margeti\u010d, Marica Strel, Lidija Matevlji\u010d): Idrijske \u010dipke<\/li>\n<li><strong>Josip<\/strong>&nbsp;<strong>Miheli\u010d<\/strong>: Miniaturni modeli vlakcev in \u017eelezni\u0161kih prog<\/li>\n<li><strong>Boris<\/strong>&nbsp;<strong>\u0160vagelj<\/strong>: Razstava radiotelegrafskih ro\u010dic<\/li>\n<li><strong>Varstveno<\/strong>&nbsp;<strong>delovni<\/strong>&nbsp;<strong>center<\/strong>&nbsp;<strong>Izola<\/strong>: ro\u010dno narejeni izdelki<\/li>\n<\/ul>\n<p>2007<\/p>\n<ul>\n<li><strong>Dru\u017eina Vali\u010d iz Portoro\u017ea<\/strong>: Zbirka 33 svetih pisem v razli\u010dnih jezikih<\/li>\n<li><strong>Janez in Marija Jane\u017ei\u010d<\/strong>:&nbsp; Zbirka klju\u010dev, klju\u010davnic, vitrihov, obe\u0161ank in ostalih izdelkov za opremo vrat<\/li>\n<li><strong>Nevina Pe\u010dari\u010d<\/strong>:&nbsp; Okrasni in uporabni predmeti ter kipi<\/li>\n<li><strong>Mestna knji\u017enica Izola<\/strong>: Pregledna razstava knji\u017enih del o arhitektu Jo\u017eetu Ple\u010dniku<\/li>\n<li><strong>Janez in Marija Jane\u017ei\u010d<\/strong>:&nbsp; Stare jaslice<\/li>\n<li><strong>Janez in Marija Jane\u017ei\u010d<\/strong>: Prilo\u017enostna razstava starih igra\u010d<\/li>\n<li><strong>Ana Kastelic in Marijana Denac<\/strong>: Okrasni in uporabni predmeti<\/li>\n<li><strong>Nata\u0161a Fafangel<\/strong>: Krpanke<\/li>\n<li><strong>Darja Zdol\u0161ek in \u0160pela Pahor<\/strong>: Ro\u010dno izdelane in poslikane&nbsp; pustne maske iz mav\u010dne mase in ka\u0161iranega papirja<\/li>\n<\/ul>\n<p>2008<\/p>\n<ul>\n<li><strong>Mi\u0161a Rustja iz Pirana<\/strong>: Kva\u010dkani izdelki<\/li>\n<li><strong>Jo\u017eica Salkovi\u010d iz Izole<\/strong>: Kva\u010dkane \u010dipke, prti\u010dki, zavese in drugi okrasni izdelki (2 razstavi: v velikono\u010dnem in v bo\u017ei\u010dnem \u010dasu)<\/li>\n<li><strong>Mestna knji\u017enica Izola<\/strong>: Razstava starih razglednic in knjig o Izoli, del domoznanske zbirke MKI<\/li>\n<li><strong>Mestna knji\u017enica Izola<\/strong>:&nbsp; Pregledna razstava o Primo\u017eu Trubarju<\/li>\n<li><strong>Janez in Marija Jane\u017ei\u010d<\/strong>: Stari hranilniki in drugi predmeti, povezani z var\u010devanjem<\/li>\n<li><strong>Zvonko Bizjak<\/strong>:&nbsp; Keramika<\/li>\n<li><strong>Ana Kastelic<\/strong>:&nbsp; Okrasni in uporabni predmeti<\/li>\n<li><strong>Peter in Petra \u010cerne<\/strong>:&nbsp; Moja Istra, razstava kerami\u010dnih skulptur<\/li>\n<li><strong>Filomena Paut<\/strong>: Zbirka vre\u010dk za&nbsp; kavne sladkor\u010dke in zbirka \u017eepnih koledar\u010dkov z vsega sveta<\/li>\n<li><strong>Katarina Hauser<\/strong>: Universum, pobarvani in izklesani kamen\u010dki<\/li>\n<li><strong>Tanja Kaligari\u010d<\/strong>:&nbsp; Angel\u010dki varuhi<\/li>\n<li><strong>Kurtin Marina<\/strong>: Tulci&nbsp; lovilci<\/li>\n<li><strong>Zlata Radikon<\/strong>:&nbsp; Zimska idila, okrasni predmeti<\/li>\n<li><strong>Dudine Nida<\/strong>:&nbsp; Kva\u010dkani izdelki za gospodinjstvo<\/li>\n<li><strong>Damjana Vatovec<\/strong>:&nbsp; Pletenine<\/li>\n<li><strong>Mirela Gri\u017eoni\u010d<\/strong>: Istra,&nbsp; keramika<\/li>\n<li><strong>Dru\u017eina Mi\u0161ko iz Izole<\/strong>: Slike, fotografije, risbe in drugi ro\u010dno oblikovani izdelki<\/li>\n<li><strong>Pre\u0161eren Helena<\/strong>: kva\u010dkani izdelki<\/li>\n<\/ul>\n<p>2009<\/p>\n<ul>\n<li><strong>Petra in Peter \u010cerne<\/strong>: Moja Istra, kerami\u010dne skulpture<\/li>\n<li><strong>Varstveno delovni center Izola<\/strong>: Okrasni in uporabni ro\u010dni izdelki<\/li>\n<li><strong>Ljubica Lumbar<\/strong>: Ro\u010dni izdelki, \u010dipke, prti\u010dki<\/li>\n<li><strong>Marijan in Marija Strel<\/strong>: Razstava \u010dipk in keramike<\/li>\n<li><strong>Mira Malinovi\u010d<\/strong>: Ro\u010dni izdelki za gospodinjstvo<\/li>\n<li><strong>Ozara Izola in \u0160ent Koper<\/strong>: Okrasni in uporabni predmeti<\/li>\n<li><strong>Vlasta Runko<\/strong>: Okrasni predmeti, vezenje s kri\u017eci<\/li>\n<li><strong>Sasikala Perumal<\/strong>:&nbsp; Keramika<\/li>\n<li><strong>\u010clani kerami\u010dne skupine Zvonka Bizjaka<\/strong>:&nbsp; Keramika<\/li>\n<li><strong>Kristina Menih in Darja Zdol\u0161ek<\/strong>:&nbsp; Pobarvani kamni in poslikane majice<\/li>\n<li><strong>Marina Hrs<\/strong>:&nbsp; Vo\u0161\u010dilnice iz naravnih materialov<\/li>\n<li><strong>Sanja To\u0161i\u0107<\/strong>: Kuracije,&nbsp; razstava skulptur<\/li>\n<\/ul>\n<p>2010<\/p>\n<ul>\n<li><strong>Anica Apat in Laura Babi\u010d<\/strong>: Cveto\u010da pomlad, okrasni in uporabni ro\u010dno izdelani predmeti<\/li>\n<li><strong>Klementina Slapnik<\/strong>: Slike in vo\u0161\u010dilnice iz paus papirja<\/li>\n<li><strong>Sanja Tosi\u0107<\/strong>: Kuracije, skulpture iz papirja in mavca<\/li>\n<li><strong>VDC Izola<\/strong>: Klobuki,&nbsp; razstava pomladnih klobukov iz papirja<\/li>\n<li><strong>Martina Slapnik<\/strong>: Na\u0161 dom, ro\u010dno vezeni prti, prti\u010dki, zavese<\/li>\n<li><strong>Janez Jane\u017ei\u010d<\/strong>: Velika no\u010d pri nas doma, zbirka starih velikono\u010dnih predmetov<\/li>\n<li><strong>Sre\u010dko Gomba\u010d<\/strong>: Letenje, razstava knjig in drugih publikacij o letalstvu<\/li>\n<li><strong>Tatjana Prodan<\/strong>: Pomlad, razli\u010dni ro\u010dno izdelani okrasni in uporabni predmeti<\/li>\n<li><strong>Sne\u017eica Kranjc<\/strong>: Izola, keramika<\/li>\n<li><strong>Nadja Frelih<\/strong>:&nbsp; Ro\u010dni pleteni in kva\u010dkani izdelki<\/li>\n<li><strong>\u0160tudijski kro\u017eki<\/strong>:&nbsp; Prilo\u017enostna razstava uporabnih in okrasnih izdelkov<\/li>\n<li><strong>Miranda Babi\u010d<\/strong>: Moja jesen, kva\u010dkani in pleteni izdelki<\/li>\n<li><strong>Doris Jelu\u0161i\u010d<\/strong>: Sivka, razstava ro\u010dnih izdelkov<\/li>\n<li><strong>Jana Prin\u010di\u010d<\/strong>: Mozaiki<\/li>\n<li><strong>Darja Rejec Repnik in Stanka Hribar<\/strong>: Nakit iz fimo mase in svilene rute<\/li>\n<li><strong>Osnovna \u0161ola Livade in Osnovna \u0161ola Vojke \u0160muc<\/strong>: razstava EKO izdelkov iz odpadnih materialov<\/li>\n<\/ul>\n<p>2011<\/p>\n<ul>\n<li><strong>Darja Modri\u010d Jugovi\u010d<\/strong>: ro\u010dno izdelan nakit<\/li>\n<li><strong>Vrtec Mavrica, enota \u0160koljka, likovna skupina \u010cOPI\u010c pod mentorstvom Jo\u017ei Kleva in Melite \u010cermelj<\/strong>: likovni izdelki na temo MODRO MORJE<\/li>\n<li>Razstava ro\u010dno izdelanega nakita&nbsp;<strong>Romane Vidmar<\/strong>&nbsp;in&nbsp;<strong>Rajke Koro\u0161ec<\/strong>&nbsp;ter torbic&nbsp;<strong>Marte Rus<\/strong><\/li>\n<li><strong>Janez in Marija Jane\u017ei\u010d<\/strong>: razstava starih velikono\u010dnih kuhinjskih predmetov<\/li>\n<li><strong>Katarina \u0160tokar<\/strong>: \u0161ivani in poslikani izdelki<\/li>\n<li><strong>\u0160umnik Majda<\/strong>: mozaiki<\/li>\n<li><strong>Aga Ver\u0161nik<\/strong>: slike ter izdelki iz gline<\/li>\n<li><strong>U\u010denci O\u0160 Livade Izola<\/strong>: monta\u017eno kiparstvo, razstava skulptur<\/li>\n<li><strong>Milo\u0161 Arsenov, Milenka Arsenov<\/strong>: keramika in risbe<\/li>\n<li><strong>Milo\u0161 Arsenov<\/strong>: keramika<\/li>\n<li><strong>Nata\u0161a Po\u017ear<\/strong>: kerami\u010dni izdelki<\/li>\n<li><strong>Lijana Perko<\/strong>: ro\u010dno izdelane torbice iz blaga<\/li>\n<li><strong>Marija Gorjup<\/strong>: ro\u010dna dela<\/li>\n<li><strong>Dare Brezav\u0161\u010dek<\/strong>: ro\u010dno izdelane lutke<\/li>\n<li><strong>Martina Ljubi\u010d<\/strong>: lutke in ilustracije<\/li>\n<li><strong>Irena Menih<\/strong>: izdelki iz nepredene volne in igra\u010dke iz blaga<\/li>\n<\/ul>\n<p>2012<\/p>\n<ul>\n<li><strong>Ayana Pe\u0161ec, Nevenka Mulej iz zavoda Vindol:<\/strong>&nbsp;z aborod\u017einskimi vzorci ro\u010dno poslikana okrasna in uporabna keramika<\/li>\n<li><strong>Ana \u017digante<\/strong>: oblekice za barbike<\/li>\n<li><strong>Janez in Marija Jane\u017ei\u010d<\/strong>: stari porcelanasti predmeti<\/li>\n<li><strong>Nata\u0161a \u0160teharnik<\/strong>: ro\u010dno izdelan nakit<\/li>\n<li><strong>U\u010denci O\u0160 Livade Izola pod mentorstvom Ingrid Knez<\/strong>: pobarvani miniaturni stol\u010dki iz \u017eice in das mase<\/li>\n<li><strong>Ljubica \u017dvab<\/strong>: ro\u010dna dela iz blaga in papirja ter&nbsp; \u0160koromati iz Hru\u0161ice v Brkinih<\/li>\n<li><strong>Likovno dru\u0161tvo LIK iz Izole<\/strong>: skulpture iz keramike in siporeksa, izdelki&nbsp; \u010dlanov likovnega dru\u0161tva LIK iz Izole<\/li>\n<li><strong>Sandra Martinu\u010d<\/strong>: vo\u0161\u010dilnice<\/li>\n<li><strong>VDC Izola<\/strong>: ro\u010dno narejeni uporabni in okrasni izdelki varovancev VDC Izola<\/li>\n<li><strong>Dru\u0161tvo Animov iz Izole<\/strong>: svojo zbirko plasti\u010dnih igra\u010d, narejenih po motivih iz japonskih risank, so razstavili \u010dlani dru\u0161tva Animov iz Izole<\/li>\n<li><strong>Nata\u0161a Pija\u017ea<\/strong>: ro\u010dno izdelane usnjene torbice in drugi modni dodatki<\/li>\n<li><strong>Irena Er\u017een<\/strong>: ro\u010dno izdelane kva\u010dkane torbice in drugi drobni predmeti<\/li>\n<li><strong>Zlata Radikon, Bruna Kocjan\u010di\u010d, Ljubica \u017dvab, Fran\u010di\u0161ka Lesjak<\/strong>: vo\u0161\u010dilnice, okrasni adventni ven\u010dki, pleteni namizni prti in prti\u010dki, okrasni predmeti iz papirja in perlic, klekljane \u010dipke<\/li>\n<\/ul>\n<p>&nbsp;2013<\/p>\n<ul>\n<li><strong>Janez in Marija Jane\u017ei\u010d:<\/strong>&nbsp;bibliofilska zbirka starih knjig zbirateljev Janeza in Marije Jane\u017ei\u010d iz Kopra<\/li>\n<li><strong>De\u017eeljin Ljudmila<\/strong>: ro\u010dni izdelki iz keramike<\/li>\n<li><strong>Dudine Nida:&nbsp;<\/strong>ro\u010dni izdelki<\/li>\n<li><strong>Ljubica \u017dvab:&nbsp;<\/strong>ro\u010dni izdelki na temo Velika no\u010d<\/li>\n<li><strong>Tamara Mikin:&nbsp;<\/strong>kva\u010dkani izdelki<\/li>\n<li><strong>Dijakinje Srednje \u0161ole Izola<\/strong>&nbsp;smer pred\u0161olska vzgoja: ro\u010dno izdelane&nbsp; pun\u010dke<\/li>\n<li><strong>Dru\u0161tvo za cerebralno paralizo Son\u010dek Koper:&nbsp;<\/strong>ro\u010dni izdelki<\/li>\n<li><strong>Karmen in Danilo Pegan:&nbsp;<\/strong>stekleni okrasni in uporabni izdelki<\/li>\n<li><strong>Milo\u0161 in Milenka Arsenov:&nbsp;<\/strong>kerami\u010dni izdelki<\/li>\n<li><strong>Nata\u0161a Pezdir:&nbsp;<\/strong>ro\u010dni izdelki<\/li>\n<li><strong>Lijana Perko:&nbsp;<\/strong>pun\u010dke iz cunj, lutke, krinoline<\/li>\n<li><strong>Du\u0161an \u0160trancar:&nbsp;<\/strong>pustne maske hru\u0161i\u0161kih \u0161koromatov iz lipovega lesa<\/li>\n<li><strong>Ljubica \u017dvab:&nbsp;<\/strong>\u0161koromatek in velika pustna kapa hru\u0161i\u0161kega \u0161koromata<\/li>\n<li><strong>Dru\u0161tvo LIK Izola<\/strong>: keramika<\/li>\n<li><strong>Janez Jane\u017ei\u010d in Marija Jane\u017ei\u010d<\/strong>: stare budilke<\/li>\n<\/ul>\n<p>2014<\/p>\n<ul>\n<li><strong>Janez Jane\u017ei\u010d in Marija Jane\u017ei\u010d<\/strong>: stare budilke<\/li>\n<li><strong>Mirela Sharan<\/strong>: Uporabni okrasni kerami\u010dni izdelki<\/li>\n<li><strong>Rahela Ma\u010di\u010d<\/strong>: Izdelki iz filcane volne<\/li>\n<li><strong>Marija Koren<\/strong>: vo\u0161\u010dilnice s suhim cvetjem<\/li>\n<li><strong>Danila Tuljak<\/strong>: kipci \u0161avrink iz umetne mase<\/li>\n<li><strong>Ivan Novak<\/strong>: leseni izdelki<\/li>\n<li><strong>Suzana Belak Pungartnik<\/strong>: ro\u010dna dela<\/li>\n<li><strong>Dru\u0161tvo invalidov Izola<\/strong>: Mija Brak, Nida Dudine, Sonja Marija Miheli\u010d: ro\u010dna dela<\/li>\n<li><strong>Marija Jane\u017ei\u010d<\/strong>: Stare kuharske knjige<\/li>\n<\/ul>\n<p>2015<\/p>\n<ul>\n<li><strong>Lorena Lovre\u010di\u010d:<\/strong>&nbsp;razstava ro\u010dnih izdelkov iz papirja, umetne mase, lesa, stekla &nbsp;in slanega testa<\/li>\n<li><strong>Ur\u0161ka Prin\u010di\u010d:&nbsp;<\/strong>razstava ro\u010dnih del<\/li>\n<li><strong>Dru\u0161tvo Animov:<\/strong>&nbsp;razstava<\/li>\n<li><strong>Janez in Marija Jane\u017ei\u010d:<\/strong>&nbsp;razstava gumbov iz zbirke<\/li>\n<li><strong>Janez in Marija Jane\u017ei\u010d:&nbsp;<\/strong>razstava plemi\u0161kih \u017eenskih oblek s konca 19. stoletja<\/li>\n<li><strong>Tomi Be\u0161kovnik:<\/strong>&nbsp;razstava starih fotoaparatov iz zasebne zbirke&nbsp;<\/li>\n<li><strong>Son\u010dek, enota Koper:<\/strong>&nbsp;razstava ro\u010dnih izdelkov iz delavnic dru\u0161tva za osebe s cerebralno paralizo<\/li>\n<li><strong>Aleks Barba in Robi Radosavljevi\u010d:<\/strong>&nbsp;razstava razglednic in avtomobil\u010dkov \u2013&nbsp;<\/li>\n<li><strong>Janez in Marija Jane\u017ei\u010d:<\/strong>&nbsp;razstava starih fotografij in predmetov Od zibelke do groba<\/li>\n<\/ul>\n<p>2016<\/p>\n<ul>\n<li><strong>Ur\u0161ka Prin\u010di\u010d in Lorena Lovre\u010di\u010d:<\/strong>&nbsp;Ustvarjalki&nbsp;<\/li>\n<li><strong>Sandra Martinu\u010d:<\/strong>&nbsp;Ro\u010dni izdelki&nbsp;<\/li>\n<li><strong>Nida Dudine:<\/strong>&nbsp;Ro\u010dni izdelki<\/li>\n<li><strong>Janja \u0160travs:<\/strong>&nbsp;Darila iz narave<\/li>\n<li><strong>Tanja Kaligari\u010d:<\/strong>&nbsp;Navdihi od tod in tam<\/li>\n<li><strong>Lijana Perko:<\/strong>&nbsp;\u0160avrinke<\/li>\n<li><strong>Dru\u0161tvo LIK:<\/strong>&nbsp;Kiparska razstava Morje kot \u017eivljenje<\/li>\n<li><strong>Lijana Perko in Metka Gosar:<\/strong>&nbsp;\u0160epet slike in tekstila<\/li>\n<li><strong>Metka \u0160ori:<\/strong>&nbsp;Ustvarjajmo z odpadki&nbsp;<\/li>\n<\/ul>\n<p>2017<\/p>\n<ul>\n<li><strong>Janez Jane\u017ei\u010d:<\/strong>&nbsp;Knji\u017ene ilustracije&nbsp;<\/li>\n<li><strong>Marilina Tenore:<\/strong>&nbsp;Kva\u010dkani izdelki<\/li>\n<li><strong>Zdenka \u0160oli\u010d:<\/strong>&nbsp;Mozaiki<\/li>\n<li><strong>Narcisa Antonac:<\/strong>&nbsp;Vezenje<\/li>\n<li><strong>Nida Dudine, Jolanda Ru\u017ei\u010d, \u0160K \u010carobni prsti:&nbsp;<\/strong>Perlice, kva\u010dkanje in \u0161ivanje&nbsp;<\/li>\n<li><strong>Janez in Marija Jane\u017ei\u010d:<\/strong>&nbsp;Tobak, stare pipe&nbsp;<\/li>\n<li><strong>Dr. Anton Krajcar<\/strong>: Razstava knjig&nbsp;<\/li>\n<li><strong>Janja \u0160travs, Maja Tomazin, Lijana Perko:<\/strong>&nbsp;Prazniki<\/li>\n<\/ul>\n<p>2018<\/p>\n<ul>\n<li><strong>Erika Gregori\u010d:<\/strong>&nbsp;KaJ Se Je NaU\u010dU JaNeZeK?&nbsp;<\/li>\n<li><strong>Otroci iz siroti\u0161nice Kobo, Etiopija:<\/strong>&nbsp;Tudi mi radi ustvarjamo&nbsp;<\/li>\n<li><strong>Varovanci VDC Izola:<\/strong>&nbsp;Iz jeansa z ljubeznijo<\/li>\n<li><strong>Janez Jane\u017ei\u010d:<\/strong>&nbsp;200 let turizma v Postojni<\/li>\n<li><strong>\u0160entmar Koper:<\/strong>&nbsp;Iz kerami\u010dne delavnice<\/li>\n<li><strong>Marino in Nives Kaligari\u010d:<\/strong>&nbsp;Iz dru\u017einske delavnice<\/li>\n<li><strong>\u0160K \u0160ivilja in \u0161karjice:<\/strong>&nbsp;Ro\u010dno narejeno<\/li>\n<li><strong>Janez Jane\u017ei\u010d:<\/strong>&nbsp;Ribi\u0161tvo v Izoli<\/li>\n<li><strong>Lijana Perko:<\/strong>&nbsp;\u0160avrinke<\/li>\n<li><strong>Dru\u0161tvo LIK:<\/strong>&nbsp;Skulpture&nbsp;<\/li>\n<li><strong>Dru\u0161tvo Animov:<\/strong>&nbsp;Razglednice pisanke<\/li>\n<li><strong>Janez in Marija Jane\u017ei\u010d:<\/strong>&nbsp;Ivan Cankar, stoletnica smrti<\/li>\n<li><strong>\u0160pela Pahor:<\/strong>&nbsp;Uspavanka&nbsp;<\/li>\n<\/ul>\n<p>2019<\/p>\n<ul>\n<li><strong>Janez Jane\u017ei\u010d:&nbsp;<\/strong>Ivan Cankar<\/li>\n<li><strong>Ines Kajin:<\/strong>&nbsp;Kamen\u010dki in mandale<\/li>\n<li><strong>Nadja \u0160\u010dek:<\/strong>&nbsp;Vo\u0161\u010dilnice in slike na pergamentu, ro\u017ee iz papirja<\/li>\n<li><strong>Vrtec Mavrica:&nbsp;<\/strong>Pun\u010dke Unicef<\/li>\n<li><strong>\u0160K \u0160ivilja in \u0161karjice:<\/strong><b>&nbsp;<\/b>Izdelki<\/li>\n<li><strong>Eva Dra\u0161ak:<\/strong>&nbsp;Makrame nakit<\/li>\n<li><strong>Nevina Pe\u010dari\u010d:&nbsp;<\/strong>Ro\u010dni izdelki<\/li>\n<li><strong>Marjeta Male\u0161i\u010d:<\/strong>&nbsp;Polstenje<\/li>\n<li><strong>Danijel \u010corkovi\u0107:<\/strong>&nbsp;Les<\/li>\n<li><strong>Jo\u017eica Kleva:<\/strong>&nbsp;Reliefi<\/li>\n<li><strong>25 let \u0161tudijskih kro\u017ekov<\/strong><\/li>\n<li><strong>Vera Vardjan:&nbsp;<\/strong>Keramika<\/li>\n<li><strong>Janez Jane\u017ei\u010d:<\/strong>&nbsp;Starinski kro\u017eniki iz keramike in porcelana<\/li>\n<\/ul>\n<p>2023<\/p>\n<ul>\n<li><strong>Nika \u010cernigoj:<\/strong> Razstava grafik \u00bbPriTISK trenutnosti\u00ab<\/li>\n<li><strong>Sa\u0161a Sergej Merkandel:<\/strong> Razstava \u00bbMoji stari fotoaparati\u00ab<\/li>\n<li><strong>Lijana Perko:<\/strong> Razstava ro\u010dnih izdelkov: \u00bbIzbor ro\u010dnih del oblikovalke Lijane Perko\u00ab<\/li>\n<li><strong>Janez in Marija Jane\u017ei\u010d:<\/strong> Razstava \u00bb\u0160ablone za idrijske \u010dipke\u00ab<\/li>\n<li><strong>Jana Dagarin in Janja Zupin:<\/strong> Razstava \u00bbSpomini iz Peruja\u00ab<\/li>\n<li><strong>Alenka Prelc:<\/strong> Razstava \u00bbStari \u0161olski zvezki\u00ab<\/li>\n<li><strong>Erika Gregori\u010d:<\/strong> Razstava \u00bbOd ilustracij do ro\u010dnih izdelkov\u00ab<\/li>\n<li><strong>Zavod Aru.Ko &#8211; Sprehod do Japonske pop kulture:<\/strong> Razstava \u00bbAnime pop kulture iz leta 1997+\u00ab<\/li>\n<\/ul>\n<p>2024<\/p>\n<ul>\n<li><strong>AruKo.Si &#8211; Sprehod do Japonske pop kulture:<\/strong> Razstava \u00bbManga kultura iz 90-ih let\u00ab<\/li>\n<li><strong>AruKo.Si &#8211; Sprehod do Japonske pop kulture:<\/strong> Razstava zbirateljskih figur \u00bbAnime figure\u00ab<\/li>\n<li><strong>Darij Gregori\u010d \u2013 Darjo:<\/strong> Razstava ro\u010dnih izdelkov \u00bbIntarzijske mini plastike\u00ab<\/li>\n<li><strong>Osnovna \u0161ola Dante Alighieri Izola:<\/strong> Razstava koledarjev Osnovne \u0161ole Dante Alighieri Izola<\/li>\n<li><strong>Otroci italijanskega vrtca \u00bbL&#8217;Acquilone\u00ab Izola:<\/strong> Razstava otro\u0161kih likovnih izdelkov \u00bbKulinari\u010dni spominki izolskega vrtca L&#8217;Aquilone\u00ab<\/li>\n<li><strong>Lijana Perko:<\/strong> Razstava ro\u010dnih izdelkov \u00bbPun\u010dke iz blaga\u00ab<\/li>\n<li><strong>Jana Dagarin:<\/strong> Razstava predmetov \u00bbEtiopske zgodbe: Ogrinjala, okraski in otro\u0161ka ustvarjalnost\u00ab<\/li>\n<li><strong>Dimitrij Petri\u010d:<\/strong> Razstava okrasnih vaz iz mozaikov \u00bbVaza dobre volje\u00ab<\/li>\n<li><strong>Erika Gregori\u010d:<\/strong> Razstava ro\u010dno izdelanih \u0161olskih pripomo\u010dkov in ilustracij \u00bbNazaj v \u0161olo z Arti Reiko\u00ab<\/li>\n<li><strong>Sre\u010dko Gomba\u010d:<\/strong> Razstava knjig, fotografij in modela vlaka \u00bbSpomin na Pore\u010danko \u2013 Parenzano\u00ab<\/li>\n<\/ul>\n<p>&nbsp;<\/p>\n<p><a href=\"https:\/\/www.izo.sik.si\/koticek-ustvarjalnosti\/mobile\/index.html#p=1\">Sfogliate il catalogo delle mostre nella Biblioteca civica di Isola.<\/a><\/p>\n<p>&nbsp;<\/p>\n<p>Contatto: <strong>Erika Gregori\u010d, tel.: 05 6631 284<\/strong><\/p>\n","protected":false},"excerpt":{"rendered":"<p>Negli spazi della nostra biblioteca \u00e8 situata una vetrina di vetro, destinata alle persone creative. Desideriamo che in essa le persone presentino i propri lavori: quadri, sculture, sculture in legno, [&hellip;]<\/p>\n","protected":false},"author":2,"featured_media":10959,"parent":0,"menu_order":0,"comment_status":"closed","ping_status":"closed","template":"","meta":{"_acf_changed":false,"ngg_post_thumbnail":0,"footnotes":""},"class_list":["post-11771","page","type-page","status-publish","has-post-thumbnail","hentry"],"acf":[],"_links":{"self":[{"href":"https:\/\/www.izo.sik.si\/it\/wp-json\/wp\/v2\/pages\/11771","targetHints":{"allow":["GET"]}}],"collection":[{"href":"https:\/\/www.izo.sik.si\/it\/wp-json\/wp\/v2\/pages"}],"about":[{"href":"https:\/\/www.izo.sik.si\/it\/wp-json\/wp\/v2\/types\/page"}],"author":[{"embeddable":true,"href":"https:\/\/www.izo.sik.si\/it\/wp-json\/wp\/v2\/users\/2"}],"replies":[{"embeddable":true,"href":"https:\/\/www.izo.sik.si\/it\/wp-json\/wp\/v2\/comments?post=11771"}],"version-history":[{"count":10,"href":"https:\/\/www.izo.sik.si\/it\/wp-json\/wp\/v2\/pages\/11771\/revisions"}],"predecessor-version":[{"id":17942,"href":"https:\/\/www.izo.sik.si\/it\/wp-json\/wp\/v2\/pages\/11771\/revisions\/17942"}],"wp:featuredmedia":[{"embeddable":true,"href":"https:\/\/www.izo.sik.si\/it\/wp-json\/wp\/v2\/media\/10959"}],"wp:attachment":[{"href":"https:\/\/www.izo.sik.si\/it\/wp-json\/wp\/v2\/media?parent=11771"}],"curies":[{"name":"wp","href":"https:\/\/api.w.org\/{rel}","templated":true}]}}