{"id":11775,"date":"2021-12-16T15:37:15","date_gmt":"2021-12-16T14:37:15","guid":{"rendered":"http:\/\/izola.imenik-seo.si\/?page_id=11775"},"modified":"2022-01-07T12:16:32","modified_gmt":"2022-01-07T11:16:32","slug":"zbirka-igrac-it","status":"publish","type":"page","link":"https:\/\/www.izo.sik.si\/it\/zbirka-igrac-it\/","title":{"rendered":"Collezione di giocattoli"},"content":{"rendered":"<p><img fetchpriority=\"high\" decoding=\"async\" class=\"aligncenter\" src=\"https:\/\/www.izo.sik.si\/images\/stories\/Slike\/igrace400.jpg\" alt=\"igrace400\" width=\"400\" height=\"300\"><\/p>\n<p>Nella Biblioteca civica di Isola abbiamo una collezione di circa mille giocattoli (vecchi e nuovi), che sono di propriet\u00e0 dei collezionisti di antichit\u00e0 Janez e Marija Jane\u017ei\u010d. La collezione \u00e8 situata in vetrine di vetro. In essa ci sono orsacchiotti, burattini, cucine, bambole, trenini, macchinine, ferri da stiro, stoviglie, fornelli, topolini, soldatini, carrozzine, gnomi, ricci, Topoline, monopattini, una paperetta di legno, lettini e molti altri giocattoli di vari tipi che un tempo portavano felicit\u00e0 ai bambini. Guardandoli si riaccendono i ricordi dell\u2019infanzia dei visitatori e i desideri di gioco non realizzati.<\/p>\n<p>&nbsp;<\/p>\n<p>La collezione di giocattoli di Janez e Marija Jane\u017ei\u010d \u00e8 una collezione di valore.<\/p>\n","protected":false},"excerpt":{"rendered":"<p>Nella Biblioteca civica di Isola abbiamo una collezione di circa mille giocattoli (vecchi e nuovi), che sono di propriet\u00e0 dei collezionisti di antichit\u00e0 Janez e Marija Jane\u017ei\u010d. La collezione \u00e8 [&hellip;]<\/p>\n","protected":false},"author":2,"featured_media":0,"parent":0,"menu_order":0,"comment_status":"closed","ping_status":"closed","template":"","meta":{"_acf_changed":false,"ngg_post_thumbnail":0,"footnotes":""},"class_list":["post-11775","page","type-page","status-publish","hentry"],"acf":[],"_links":{"self":[{"href":"https:\/\/www.izo.sik.si\/it\/wp-json\/wp\/v2\/pages\/11775","targetHints":{"allow":["GET"]}}],"collection":[{"href":"https:\/\/www.izo.sik.si\/it\/wp-json\/wp\/v2\/pages"}],"about":[{"href":"https:\/\/www.izo.sik.si\/it\/wp-json\/wp\/v2\/types\/page"}],"author":[{"embeddable":true,"href":"https:\/\/www.izo.sik.si\/it\/wp-json\/wp\/v2\/users\/2"}],"replies":[{"embeddable":true,"href":"https:\/\/www.izo.sik.si\/it\/wp-json\/wp\/v2\/comments?post=11775"}],"version-history":[{"count":3,"href":"https:\/\/www.izo.sik.si\/it\/wp-json\/wp\/v2\/pages\/11775\/revisions"}],"predecessor-version":[{"id":12097,"href":"https:\/\/www.izo.sik.si\/it\/wp-json\/wp\/v2\/pages\/11775\/revisions\/12097"}],"wp:attachment":[{"href":"https:\/\/www.izo.sik.si\/it\/wp-json\/wp\/v2\/media?parent=11775"}],"curies":[{"name":"wp","href":"https:\/\/api.w.org\/{rel}","templated":true}]}}