{"id":11780,"date":"2021-12-16T15:38:32","date_gmt":"2021-12-16T14:38:32","guid":{"rendered":"http:\/\/izola.imenik-seo.si\/?page_id=11780"},"modified":"2022-01-07T12:21:11","modified_gmt":"2022-01-07T11:21:11","slug":"knjiznica-izven-zidov-it","status":"publish","type":"page","link":"https:\/\/www.izo.sik.si\/it\/knjiznica-izven-zidov-it\/","title":{"rendered":"La biblioteca fuori porta"},"content":{"rendered":"<h2>La biblioteca in spiaggia<\/h2>\n<div class=\"elementor-flip-box__layer__overlay\">\n<div class=\"elementor-flip-box__layer__inner\">\n<div class=\"elementor-flip-box__layer__description\">La biblioteca in spiaggia \u00e8 dedicata a tutti coloro che visitano le spiagge e altri luoghi di vacanza in estate, ovvero per molti vacanzieri che non possono immaginare una vacanza estiva senza un buon libro.<\/div>\n<\/div>\n<\/div>\n<p>&nbsp;<\/p>\n<hr>\n<p>&nbsp;<\/p>\n<h2>Leggiamo gli autori sloveni \u2013 Letture per turisti<\/h2>\n<p>\u00bbLeggiamo gli autori sloveni \u2013 Letture per turisti\u00ab \u00e8 un progetto della Biblioteca civica di Isola ideato in collaborazione con gli Alberghi Belvedere e la pensione Centrum di Isola. Ai visitatori della nostra citt\u00e0 offriamo la possibilit\u00e0 di conoscere le opere letterarie di autori sloveni.<br \/>\nI libri che vi proponiamo sono disponibili in sette lingue diverse.<br \/>\nUn libro pu\u00f2 rendere ancora pi\u00f9 piacevole il vostro soggiorno a Isola.<\/p>\n<p>\u00bbChi legge vede lontano\u00ab<\/p>\n<p>&nbsp;<\/p>\n<hr>\n<p>&nbsp;<\/p>\n<h2>Prenota il libro a casa<\/h2>\n<p>Da giugno 2020 la Biblioteca civica di Isola introduce un nuovo servizio gratuito \u00bbPrenota il libro a casa\u00ab. Il servizio \u00e8 dedicato a tutti amanti della lettura ai quali la visita in biblioteca rappresenta difficolt\u00e0 sia a causa della disabilit\u00e0, malattia o senilit\u00e0. \u00c8 effettuato per i membri della biblioteca nella zona della citt\u00e0 di Izola. Se non siete iscritti compilerete il modulo d&#8217;iscrizione alla prima visita dei bibliotecari. L&#8217;iscrizione per voi \u00e8 senza pagamento.<\/p>\n<p>La prima visita nell&#8217;ambito del servizio \u00bbPrenota il libro a casa\u00ab deve essere concordata in anticipo. Saranno richiesti i vostri dati e preferenze riguardo il materiale librario, il quale vi verr\u00e0 consegnato in data concordata dai nostri bibliotecari e recuperato nella prossima visita. Il servizio gratuito \u00e8 a disposizione una volta al mese.<\/p>\n<p>A vostra disposizione:<\/p>\n<ul>\n<li>libri di letteratura<\/li>\n<li>libri di letteratura tecnica di tutti i campi scientifici<\/li>\n<li>le riviste, eccezione l&#8217;ultimo volume<\/li>\n<li>film, i cd<\/li>\n<\/ul>\n<p>Prima della prima visita verranno richiesti i seguenti dati:<\/p>\n<ul>\n<li>nome, cognome e l&#8217;indirizzo di casa<\/li>\n<li>le preferenze riguardo il materiale librari<\/li>\n<li>l&#8217;iscrizione in biblioteca (se non siete ancora iscritti, vi iscriverete gratuitamente in occasione della prima visita dei bibliotecari firmando la dichiarazione di adesione)<\/li>\n<li>data e l&#8217;ora della visita del bibliotecario a casa vostra<\/li>\n<\/ul>\n<p>Potete richiedere i libri da luned\u00ec a venerd\u00ec dalle 9:00 alle 14:00 al numero di telefono: 031 369 283 o all&#8217;indirizzo di posta elettronica:&nbsp;<a href=\"knjiznicaizola.nadom@gmail.com\">knjiznicaizola.nadom@gmail.com<\/a><\/p>\n<p>Referenti: Darja Kromar e Damjana \u0160pik<\/p>\n<p>Con il servizio &#8220;Prenota il libro a casa&#8221; la Biblioteca civica di Isola si impegna a sviluppare la cultura della lettura e di fornire l&#8217;accesso ai materiali della biblioteca anche a coloro che non possono accedere alla biblioteca.<\/p>\n<p>Saremo felici della vostra risposta all&#8217;iniziativa.<\/p>\n<p>&nbsp;<\/p>\n<p>&nbsp;<\/p>\n<p>&nbsp;<\/p>\n<p>&nbsp;<\/p>\n<p>&nbsp;<\/p>\n","protected":false},"excerpt":{"rendered":"<p>La biblioteca in spiaggia La biblioteca in spiaggia \u00e8 dedicata a tutti coloro che visitano le spiagge e altri luoghi di vacanza in estate, ovvero per molti vacanzieri che non [&hellip;]<\/p>\n","protected":false},"author":2,"featured_media":0,"parent":0,"menu_order":0,"comment_status":"closed","ping_status":"closed","template":"","meta":{"_acf_changed":false,"ngg_post_thumbnail":0,"footnotes":""},"class_list":["post-11780","page","type-page","status-publish","hentry"],"acf":[],"_links":{"self":[{"href":"https:\/\/www.izo.sik.si\/it\/wp-json\/wp\/v2\/pages\/11780","targetHints":{"allow":["GET"]}}],"collection":[{"href":"https:\/\/www.izo.sik.si\/it\/wp-json\/wp\/v2\/pages"}],"about":[{"href":"https:\/\/www.izo.sik.si\/it\/wp-json\/wp\/v2\/types\/page"}],"author":[{"embeddable":true,"href":"https:\/\/www.izo.sik.si\/it\/wp-json\/wp\/v2\/users\/2"}],"replies":[{"embeddable":true,"href":"https:\/\/www.izo.sik.si\/it\/wp-json\/wp\/v2\/comments?post=11780"}],"version-history":[{"count":7,"href":"https:\/\/www.izo.sik.si\/it\/wp-json\/wp\/v2\/pages\/11780\/revisions"}],"predecessor-version":[{"id":12099,"href":"https:\/\/www.izo.sik.si\/it\/wp-json\/wp\/v2\/pages\/11780\/revisions\/12099"}],"wp:attachment":[{"href":"https:\/\/www.izo.sik.si\/it\/wp-json\/wp\/v2\/media?parent=11780"}],"curies":[{"name":"wp","href":"https:\/\/api.w.org\/{rel}","templated":true}]}}