{"id":11788,"date":"2021-12-16T15:40:47","date_gmt":"2021-12-16T14:40:47","guid":{"rendered":"http:\/\/izola.imenik-seo.si\/?page_id=11788"},"modified":"2022-01-07T12:25:49","modified_gmt":"2022-01-07T11:25:49","slug":"o-knjiznici-it","status":"publish","type":"page","link":"https:\/\/www.izo.sik.si\/it\/o-knjiznici-it\/","title":{"rendered":"Presentazione"},"content":{"rendered":"<h2>I nostri valori<\/h2>\n<p><strong>Servizi<\/strong><br \/>\nCrediamo che i servizi bibliotecari e informatici siano i punti chiave della societ\u00e0 del sapere. Col sapere e le informazioni si sviluppa il potenziale umano, il progresso della civilizzazione e si mantiene un\u2019illuminata cura della societ\u00e0.<\/p>\n<p><strong>Utenti<\/strong><br \/>\nCrediamo che la cosa pi\u00f9 importante sia garantire la soddisfazione delle necessit\u00e0 degli utenti.<\/p>\n<p><strong>Qualit\u00e0<\/strong><br \/>\nTeniamo conto dell&#8217;importanza che riguarda il garantire un veloce e ampio accesso al sapere e alle informazioni ed inoltre miglioriamo i nostri servizi con un continuo adeguamento per vantaggi a lungo termine dei nostri utenti.<\/p>\n<p><strong>Tecnologia<\/strong><br \/>\nCrediamo che la nostra biblioteca debba essere una componente attiva nello sviluppo e nell&#8217;insediamento della tecnologia per poter garantire un uguale accesso al sapere e alle informazioni a tutti.<\/p>\n<p><strong>Individualit\u00e0<\/strong><br \/>\nRispettiamo l&#8217;individualit\u00e0 e l&#8217;integrit\u00e0 di tutti i nostri utenti e dipendenti e costruiamo un ambiente che incoraggia la creativit\u00e0, l&#8217;efficacia e la responsabilit\u00e0.<\/p>\n<p><strong>Lavoro di squadra<\/strong><br \/>\nCrediamo che ogni individuo faccia parte del nostro collettivo e che il nostro fine comune sia la soddisfazione dei nostri utenti e la nostra soddisfazione.<\/p>\n<p>&nbsp;<\/p>\n<p><strong>La nostra missione<\/strong><\/p>\n<p>La Biblioteca civica di Isola \u00e8 l&#8217;unica biblioteca di istruzione generale presente nel comune di Isola, che ha oltre 15 mila abitanti. A queste persone e a tutti gli altri la nostra biblioteca offre la possibilit\u00e0 di accesso al sapere e alle informazioni desiderate.<\/p>\n<p>&nbsp;<\/p>\n<p><strong>La nostra visione<\/strong><\/p>\n<p>In futuro la nostra biblioteca manterr\u00e0 la dinamicit\u00e0 di una biblioteca generale sul territorio bilingue in Slovenia, che otterremo:<\/p>\n<ul>\n<li>con la nostra ottima collezione,<\/li>\n<li>con la mentalit\u00e0 e la prassi di un efficacie lavoro per il pubblico,<\/li>\n<li>sostenendo l&#8217;efficaciemente sorretta tecnologia,<\/li>\n<li>con un efficacie lavoro nel settore di sviluppo dell&#8217;attivit\u00e0 bibliotecaria,<\/li>\n<li>con la nostra preoccupazione per l&#8217;eredit\u00e0 e il beneficio dei suoi abitanti.<\/li>\n<\/ul>\n<p>Il punto chave \u00e8 che saremo conosciuti per la professionalit\u00e0 e laboriosit\u00e0 dei nostri dipendenti che sono legati ai pi\u00f9 alti ideali dei servizi bibliotecari e informatici.<\/p>\n<p>&nbsp;<\/p>\n<h2><b>Dall&#8217;associazione alla Biblioteca civica di Isola<\/b><\/h2>\n<p style=\"text-align: center;\"><strong> <img decoding=\"async\" src=\"https:\/\/www.izo.sik.si\/images\/stories\/zgodovina400.jpg\" alt=\"zgodovina400\"><\/strong><\/p>\n<div>\n<p>Nel periodo dopo la seconda guerra mondiale la biblioteca lavorava nell&#8217;ambito dell\u2019associazione Istra. Nel dicembre <b>1954<\/b> hanno trasferito i 399 libri della biblioteca nella nuova associazione Libert\u00e0. Il leader di questa associazione, Franjo Sornik, ha lavorato molto per l&#8217;arricchimento del fondo letterario e presto la biblioteca ha superato il livello amatoriale. Il&nbsp;<b>28 marzo 1958<\/b> \u00e8 stato rilasciato il decreto per la fondazione della Biblioteca popolare di Isola. La biblioteca ha assunto un fondo di ben 3.250 libri dall\u2019associazione Libert\u00e0. Quando nel&nbsp;<b>1959<\/b>&nbsp;hanno ordinato gli spazi interni sono passati dal primario sistema di prestito su bancone al sistema del libero accesso, nello stesso tempo hanno anche ordinato i libri con la classificazione decimale. La nuova sala di lettura ha attirato un gran numero di lettori. Nel&nbsp;<b>1963<\/b>&nbsp;la biblioteca ha creato il reparto pionieri. Nel&nbsp;<b>1964<\/b>&nbsp;ha cambiato nome in Biblioteca civica di Izola assumendo nuovi compiti di accelerazione e organizzazione dell&#8217;attivit\u00e0 bibliotecaria nel comune. Nel&nbsp;<b>1965<\/b>&nbsp;hanno messo a disposizione anche il reparto per adulti con la sala di lettura, il reparto per pionieri con la sala di lettura, l&#8217;area tecnica, il magazzino ed il corpus separatum con la biblioteca Besenghi. In quell&#8217;anno la biblioteca ha avuto 1.366 membri attivi, l&#8217;arricchimento annuo di libri \u00e8 invece stato da 800 a 1.000 unit\u00e0. Verso la fine del&nbsp;<b>1982<\/b>&nbsp;la biblioteca ha ottenuto un nuovo spazio per il reparto storico marxistico e per la sala di studio, per le esposizioni a tema e per gli incontri letterari. Nel&nbsp;<b>1983<\/b>&nbsp;la biblioteca conteneva 30.000 unit\u00e0 di materiale letterario e aveva soltanto tre dipendenti, l&#8217;arredamento era inadeguato e c&#8217;era troppo poco spazio, infatti l&#8217;interno comprendeva solo 218 m\u00b2.<br \/>\nNel&nbsp;<b>1998<\/b>&nbsp;la biblioteca ha iniziato a inserirsi nei progetti di studi non formali e di istruzione degli adulti. Cos\u00ec nel luglio di quell&#8217;anno in biblioteca ha iniziato a lavorare il Centro per lo studio individuale con tre posti computer per lo studio, il 22 ottobre invece anche la Borsa del sapere per la regione del Litorale. Nel&nbsp;<b>1999<\/b>&nbsp;a causa dell&#8217;inadeguatezza della quadratura hanno strasferito parte dei libri negli spazi dell&#8217;asilo italiano di un tempo, al Viale I. Maggio 9. In questo spazio hanno ordinato anche la stanza delle favole, dove sono allora iniziate le ore delle favole e dei giochi con i libri, serate letterarie e altri eventi per bambini e per adulti.<\/p>\n<p>Nel&nbsp;<b>2004<\/b>&nbsp;la biblioteca si \u00e8 strasferita nei rinnovati, meglio illuminati e pi\u00f9 adatti spazi dell&#8217;asilo a Livade. La biblioteca ha nuovamente cambiato nome in Biblioteca civica di Isola. Nel 2005 dagli spazi nel Viale I. Maggio 9 hanno portato 7.000 unit\u00e0 di fondo archivio nell&#8217;ubicazione attuale. Ancora adesso lo spazio a disposizione \u00e8 troppo poco, infatti abbiamo a disposizione la met\u00e0 dello spazio standardamente necessario.<\/p>\n<\/div>\n<h2>Trasloco con la catena umana<\/h2>\n<p><img decoding=\"async\" src=\"https:\/\/www.izo.sik.si\/images\/stories\/Slike\/selitev400.jpg\" alt=\"selitev400\"><\/p>\n<p>L&#8217;idea della direzione della biblioteca di fare il trasloco della biblioteca con una catena umana \u00e8 stata appoggiata dal sindaco. Il trasloco simbolico della biblioteca \u00e8 stato completato eccellentemente con l&#8217;aiuto del Comune di Isola e di tutti i partecipanti il 7 febbraio 2004.<br \/>\nUn importante appoggio \u00e8 stato offerto alle bibliotecarie nel lavoro organizzativo da parte di Branka Lipar dell&#8217;Istituto per la cultura, lo sport e gli eventi, del servizio comunale, della scuola media, delle scuole elementari, dell&#8217;associazione pensionati, dell&#8217;orchestra a fiato di Isola (che ha suonato sulla strada della catena umana) e degli sponsor (Scuola media alberghiera e turistica Isola, Droga). Alla catena umana anno aderito anche il segretario nazionale del Ministero della cultura, il sindaco ed i membri del consiglio comunale, i presidi delle scuole elementari e degli istituti, le associazioni sportive e gli altri amanti dei libri.<br \/>\nIl primo libro mandato alla &#8220;catena umana&#8221; con una dedica sono le poesie di Pre\u0161eren in lingua slovena ed italiana. Dopo la conclusione del trasloco simbolico, con il quale abbiamo traslocato circa 2000 libri, abbiamo ascoltato il concerto dell&#8217;orchestra a fiato di Isola, del coro dell&#8217;Associazione pensionati e i discorsi del sindaco Breda Pe\u010dan, del segretario nazionale del Ministero della cultura, di Ciril Ba\u0161kovi\u010d, della direttrice della biblioteca Marina Hrs e con l&#8217;apertura dei nuovi spazi. A tutti i collaboratori della catena umana abbiamo regalato anche le spille appositamente preparate con la scritta: &#8220;Knjiga &#8211; \u017eiva veriga, Traslochiamo con il libro in mano&#8221;.<br \/>\nLa catena di bambini, scolari, studenti, pensionati e altri, lunga 900 m in un&#8217;atmosfera piacevole e rilassata, nonostante il tempo umido e freddo, \u00e8 stato un evento ancor&#8217;oggi ricordato da molti.<br \/>\nIl 9 febbraio abbiamo iniziato a portare i libri ed i mobili negli nuovi spazi e il 15 marzo 2004 abbiamo aperto la biblioteca al pubblico.<\/p>\n","protected":false},"excerpt":{"rendered":"<p>I nostri valori Servizi Crediamo che i servizi bibliotecari e informatici siano i punti chiave della societ\u00e0 del sapere. Col sapere e le informazioni si sviluppa il potenziale umano, il [&hellip;]<\/p>\n","protected":false},"author":2,"featured_media":0,"parent":0,"menu_order":0,"comment_status":"closed","ping_status":"closed","template":"","meta":{"_acf_changed":false,"ngg_post_thumbnail":0,"footnotes":""},"class_list":["post-11788","page","type-page","status-publish","hentry"],"acf":[],"_links":{"self":[{"href":"https:\/\/www.izo.sik.si\/it\/wp-json\/wp\/v2\/pages\/11788","targetHints":{"allow":["GET"]}}],"collection":[{"href":"https:\/\/www.izo.sik.si\/it\/wp-json\/wp\/v2\/pages"}],"about":[{"href":"https:\/\/www.izo.sik.si\/it\/wp-json\/wp\/v2\/types\/page"}],"author":[{"embeddable":true,"href":"https:\/\/www.izo.sik.si\/it\/wp-json\/wp\/v2\/users\/2"}],"replies":[{"embeddable":true,"href":"https:\/\/www.izo.sik.si\/it\/wp-json\/wp\/v2\/comments?post=11788"}],"version-history":[{"count":6,"href":"https:\/\/www.izo.sik.si\/it\/wp-json\/wp\/v2\/pages\/11788\/revisions"}],"predecessor-version":[{"id":12101,"href":"https:\/\/www.izo.sik.si\/it\/wp-json\/wp\/v2\/pages\/11788\/revisions\/12101"}],"wp:attachment":[{"href":"https:\/\/www.izo.sik.si\/it\/wp-json\/wp\/v2\/media?parent=11788"}],"curies":[{"name":"wp","href":"https:\/\/api.w.org\/{rel}","templated":true}]}}