{"id":11795,"date":"2021-12-16T15:41:42","date_gmt":"2021-12-16T14:41:42","guid":{"rendered":"http:\/\/izola.imenik-seo.si\/?page_id=11795"},"modified":"2021-12-22T09:55:28","modified_gmt":"2021-12-22T08:55:28","slug":"oddelki-it","status":"publish","type":"page","link":"https:\/\/www.izo.sik.si\/it\/oddelki-it\/","title":{"rendered":"Reparti"},"content":{"rendered":"\t\t<div data-elementor-type=\"wp-page\" data-elementor-id=\"11795\" class=\"elementor elementor-11795 elementor-10809\" data-elementor-post-type=\"page\">\n\t\t\t\t\t\t<section class=\"elementor-section elementor-top-section elementor-element elementor-element-2ef3662 elementor-section-full_width elementor-section-height-default elementor-section-height-default\" data-id=\"2ef3662\" data-element_type=\"section\" data-e-type=\"section\">\n\t\t\t\t\t\t<div class=\"elementor-container elementor-column-gap-no\">\n\t\t\t\t\t<div class=\"elementor-column elementor-col-100 elementor-top-column elementor-element elementor-element-7adc3b1\" data-id=\"7adc3b1\" data-element_type=\"column\" data-e-type=\"column\">\n\t\t\t<div class=\"elementor-widget-wrap elementor-element-populated\">\n\t\t\t\t\t\t<div class=\"elementor-element elementor-element-d8319f1 elementor-widget elementor-widget-text-editor\" data-id=\"d8319f1\" data-element_type=\"widget\" data-e-type=\"widget\" data-widget_type=\"text-editor.default\">\n\t\t\t\t<div class=\"elementor-widget-container\">\n\t\t\t\t\t\t\t\t\t<p>A parte le regolari attivit\u00e0 bibliotecarie, quali il fornimento, l&#8217;elaborazione e i prestiti, organizziamo e svolgiamo anche varie manifestazioni per bambini e adulti, quali: le ore delle favole, l&#8217;asilo e la scuola in visita, quiz letterari, indovinelli letterari, esposizioni di libri, corsi di disegno e altre attivit\u00e0 artistiche, incontri con autori letterari, serate di presentazione di viaggi, incontri con interessanti Isolani ed inoltre esposizioni di quadri e manufatti. Agli utenti offriamo centri informativi gratuiti, il Centro per lo studio indipendente e la Borsa del sapere. Gli utenti possono inoltre aderire ai circoli di studio.<\/p>\t\t\t\t\t\t\t\t<\/div>\n\t\t\t\t<\/div>\n\t\t\t\t\t<\/div>\n\t\t<\/div>\n\t\t\t\t\t<\/div>\n\t\t<\/section>\n\t\t\t\t<section class=\"elementor-section elementor-top-section elementor-element elementor-element-d9d4ff1 elementor-section-full_width elementor-section-height-default elementor-section-height-default\" data-id=\"d9d4ff1\" data-element_type=\"section\" data-e-type=\"section\">\n\t\t\t\t\t\t<div class=\"elementor-container elementor-column-gap-default\">\n\t\t\t\t\t<div class=\"elementor-column elementor-col-100 elementor-top-column elementor-element elementor-element-0c4e8b6\" data-id=\"0c4e8b6\" data-element_type=\"column\" data-e-type=\"column\">\n\t\t\t<div class=\"elementor-widget-wrap elementor-element-populated\">\n\t\t\t\t\t\t<div class=\"elementor-element elementor-element-ab9b5af elementor-widget elementor-widget-accordion\" data-id=\"ab9b5af\" data-element_type=\"widget\" data-e-type=\"widget\" data-widget_type=\"accordion.default\">\n\t\t\t\t<div class=\"elementor-widget-container\">\n\t\t\t\t\t\t\t<div class=\"elementor-accordion\">\n\t\t\t\t\t\t\t<div class=\"elementor-accordion-item\">\n\t\t\t\t\t<div id=\"elementor-tab-title-1791\" class=\"elementor-tab-title\" data-tab=\"1\" role=\"button\" aria-controls=\"elementor-tab-content-1791\" aria-expanded=\"false\">\n\t\t\t\t\t\t\t\t\t\t\t\t\t<span class=\"elementor-accordion-icon elementor-accordion-icon-left\" aria-hidden=\"true\">\n\t\t\t\t\t\t\t\t\t\t\t\t\t\t\t<span class=\"elementor-accordion-icon-closed\"><i class=\"fas fa-plus\"><\/i><\/span>\n\t\t\t\t\t\t\t\t<span class=\"elementor-accordion-icon-opened\"><i class=\"fas fa-minus\"><\/i><\/span>\n\t\t\t\t\t\t\t\t\t\t\t\t\t\t<\/span>\n\t\t\t\t\t\t\t\t\t\t\t\t<a class=\"elementor-accordion-title\" tabindex=\"0\">Sala di lettura<\/a>\n\t\t\t\t\t<\/div>\n\t\t\t\t\t<div id=\"elementor-tab-content-1791\" class=\"elementor-tab-content elementor-clearfix\" data-tab=\"1\" role=\"region\" aria-labelledby=\"elementor-tab-title-1791\"><dl class=\"article-info muted\"><dd class=\"modified\"><img fetchpriority=\"high\" decoding=\"async\" class=\"wp-image-11078 size-full aligncenter\" src=\"https:\/\/www.izo.sik.si\/wp-content\/uploads\/2021\/09\/citalnica_1_20110503_1998325854.jpg\" alt=\"\" width=\"500\" height=\"360\" srcset=\"https:\/\/www.izo.sik.si\/wp-content\/uploads\/2021\/09\/citalnica_1_20110503_1998325854.jpg 500w, https:\/\/www.izo.sik.si\/wp-content\/uploads\/2021\/09\/citalnica_1_20110503_1998325854-300x216.jpg 300w\" sizes=\"(max-width: 500px) 100vw, 500px\" \/><\/dd><\/dl><div><p style=\"text-align: left;\">Gli utenti possono usufruire della sala di lettura, dove hanno la possibilit\u00e0 di leggere giornali e riviste, di consultare la letteratura tecnica, di studiare e altro.<br \/>Negli armadi dei periodici si trovano oltre 120 titoli di giornali e riviste in lingua slovena, italiana, inglese, francese e spagnola.<br \/>Tutte le uscite, a parte l&#8217;ultima, possono essere prese in prestito per una settimana.<\/p><p style=\"text-align: left;\">Elenco del materiale nella sala di lettura<\/p><p style=\"text-align: left;\">Nella sala di lettura si possono svolgere anche manifestazioni, lezioni, presentazioni, interessanti incontri e altri eventi.<\/p><p>\u00a0<\/p><\/div><\/div>\n\t\t\t\t<\/div>\n\t\t\t\t\t\t\t<div class=\"elementor-accordion-item\">\n\t\t\t\t\t<div id=\"elementor-tab-title-1792\" class=\"elementor-tab-title\" data-tab=\"2\" role=\"button\" aria-controls=\"elementor-tab-content-1792\" aria-expanded=\"false\">\n\t\t\t\t\t\t\t\t\t\t\t\t\t<span class=\"elementor-accordion-icon elementor-accordion-icon-left\" aria-hidden=\"true\">\n\t\t\t\t\t\t\t\t\t\t\t\t\t\t\t<span class=\"elementor-accordion-icon-closed\"><i class=\"fas fa-plus\"><\/i><\/span>\n\t\t\t\t\t\t\t\t<span class=\"elementor-accordion-icon-opened\"><i class=\"fas fa-minus\"><\/i><\/span>\n\t\t\t\t\t\t\t\t\t\t\t\t\t\t<\/span>\n\t\t\t\t\t\t\t\t\t\t\t\t<a class=\"elementor-accordion-title\" tabindex=\"0\">Storia patria<\/a>\n\t\t\t\t\t<\/div>\n\t\t\t\t\t<div id=\"elementor-tab-content-1792\" class=\"elementor-tab-content elementor-clearfix\" data-tab=\"2\" role=\"region\" aria-labelledby=\"elementor-tab-title-1792\"><p><img decoding=\"async\" class=\"alignnone wp-image-11080 size-full\" src=\"https:\/\/www.izo.sik.si\/wp-content\/uploads\/2021\/09\/domoznanska400.jpg\" alt=\"\" width=\"220\" height=\"400\" srcset=\"https:\/\/www.izo.sik.si\/wp-content\/uploads\/2021\/09\/domoznanska400.jpg 220w, https:\/\/www.izo.sik.si\/wp-content\/uploads\/2021\/09\/domoznanska400-165x300.jpg 165w\" sizes=\"(max-width: 220px) 100vw, 220px\" \/><\/p><p>La collezione regionale \u00e8 situata nella biblioteca in cui teniamo il materiale riguardante il Comune di Izola e l\u2019Istria slovena. La collezione \u00e8 diretta soprattutto agli studenti e ai ricercatori, interessati al passato e a determinate sfere tematiche. Con questo materiale prepariamo anche varie esposizioni.<br \/>In esposizione trovate anche interessanti riproduzioni di libri, quali:<\/p><p>Lo statuto del Comune di Izola del 1360, donato alla biblioteca dal Comune di Izola,<br \/>Gli statuti del Comune di Pirano dal XIII al XVII secolo, donatoci dal Comune di Pirano,<br \/>Il libro ricordi della nobilt\u00e0 Lubianese st. Dizma con due quaderni di studio. Il libro \u00e8 stato comprato e donatoci dalla Istrabenz.<\/p><p>\u2013 Della collezione regionale fa parte anche la collezione di vecchie cartoline. (<a href=\"https:\/\/www.izo.sik.si\/galerija\/nggallery\/stare-razglednice\">Pi\u00f9 infomazioni<\/a>)<\/p><p>Sono disponibili numerose interesanti collezioni regionali su:<\/p><p><strong>KAMRA<\/strong>\u00a0\u00a0(<a href=\"https:\/\/www.kamra.si\/\">Pi\u00f9 informazioni\u00a0<\/a>)<\/p><p>\u00a0e<\/p><p>Biblioteca digitale della Slovenia\u00a0<strong>dLib<\/strong>\u00a0\u00a0(<a href=\"https:\/\/www.dlib.si\/\">Pi\u00f9 informazioni<\/a>)<\/p><\/div>\n\t\t\t\t<\/div>\n\t\t\t\t\t\t\t<div class=\"elementor-accordion-item\">\n\t\t\t\t\t<div id=\"elementor-tab-title-1793\" class=\"elementor-tab-title\" data-tab=\"3\" role=\"button\" aria-controls=\"elementor-tab-content-1793\" aria-expanded=\"false\">\n\t\t\t\t\t\t\t\t\t\t\t\t\t<span class=\"elementor-accordion-icon elementor-accordion-icon-left\" aria-hidden=\"true\">\n\t\t\t\t\t\t\t\t\t\t\t\t\t\t\t<span class=\"elementor-accordion-icon-closed\"><i class=\"fas fa-plus\"><\/i><\/span>\n\t\t\t\t\t\t\t\t<span class=\"elementor-accordion-icon-opened\"><i class=\"fas fa-minus\"><\/i><\/span>\n\t\t\t\t\t\t\t\t\t\t\t\t\t\t<\/span>\n\t\t\t\t\t\t\t\t\t\t\t\t<a class=\"elementor-accordion-title\" tabindex=\"0\">Reparto lettori adulti<\/a>\n\t\t\t\t\t<\/div>\n\t\t\t\t\t<div id=\"elementor-tab-content-1793\" class=\"elementor-tab-content elementor-clearfix\" data-tab=\"3\" role=\"region\" aria-labelledby=\"elementor-tab-title-1793\"><div><img decoding=\"async\" class=\"wp-image-11086 size-full aligncenter\" src=\"https:\/\/www.izo.sik.si\/wp-content\/uploads\/2021\/09\/oddelek-odrasli_1_20110322_1355805738.jpg\" alt=\"\" width=\"500\" height=\"360\" srcset=\"https:\/\/www.izo.sik.si\/wp-content\/uploads\/2021\/09\/oddelek-odrasli_1_20110322_1355805738.jpg 500w, https:\/\/www.izo.sik.si\/wp-content\/uploads\/2021\/09\/oddelek-odrasli_1_20110322_1355805738-300x216.jpg 300w\" sizes=\"(max-width: 500px) 100vw, 500px\" \/><\/div><div>\u00a0<\/div><div>Nel reparto lettori adulti si trova il materiale tecnico, disposto col sistema UDK, il materiale letterario \u00e8 invece disposto in ordine alfabetico, linguistico e di genere. La collezione di libri per le letture d&#8217;obbligo degli studenti \u00e8 tenuta a parte.\u00a0<\/div><p>Nella sala di lettura i lettori possono leggere giornali e riviste ed inoltre materiale di relazione, che non puo&#8217; essere preso in prestito, e utilizzare la sala di lettura per motivi di studio.<\/p><p>Per la ricerca nel catalogo abbiamo messo a disposizione un computer che offre la possibilit\u00e0 di ricerca del materiale nella nostra biblioteca e nelle altre biblioteche slovene.<\/p><p>Per i lettori maggiorenni abbiamo riservato quattro computer con collegamento ad Internet. Gli ospiti con esigenze particolari hanno a disposizione un computer per la navigazione su Internet, per la posta elettronica e per lo studio.<\/p><p>Responsabile del reparto fornimento ed elaborazione del materiale:<br \/>Doris Po\u017ee\u0161<\/p><p>Bibliotecarie:<\/p><p><strong>Jan Bednarik<\/strong><\/p><p><strong>Erika Gregori\u010d<\/strong><\/p><p><strong>Darja Kromar<\/strong><\/p><p><strong>Tamara Krsti\u010d<\/strong><\/p><p><strong>Elena Miki\u010di\u010d Modru\u0161an<\/strong><\/p><p><strong>Doris Po\u017ee\u0161<\/strong><\/p><p><strong>Milena Runko<\/strong><\/p><p><strong>Damjana \u0160pik<\/strong><\/p><\/div>\n\t\t\t\t<\/div>\n\t\t\t\t\t\t\t<div class=\"elementor-accordion-item\">\n\t\t\t\t\t<div id=\"elementor-tab-title-1794\" class=\"elementor-tab-title\" data-tab=\"4\" role=\"button\" aria-controls=\"elementor-tab-content-1794\" aria-expanded=\"false\">\n\t\t\t\t\t\t\t\t\t\t\t\t\t<span class=\"elementor-accordion-icon elementor-accordion-icon-left\" aria-hidden=\"true\">\n\t\t\t\t\t\t\t\t\t\t\t\t\t\t\t<span class=\"elementor-accordion-icon-closed\"><i class=\"fas fa-plus\"><\/i><\/span>\n\t\t\t\t\t\t\t\t<span class=\"elementor-accordion-icon-opened\"><i class=\"fas fa-minus\"><\/i><\/span>\n\t\t\t\t\t\t\t\t\t\t\t\t\t\t<\/span>\n\t\t\t\t\t\t\t\t\t\t\t\t<a class=\"elementor-accordion-title\" tabindex=\"0\">Reparto bambini e giovani<\/a>\n\t\t\t\t\t<\/div>\n\t\t\t\t\t<div id=\"elementor-tab-content-1794\" class=\"elementor-tab-content elementor-clearfix\" data-tab=\"4\" role=\"region\" aria-labelledby=\"elementor-tab-title-1794\"><div>\u00a0<\/div><div><img loading=\"lazy\" decoding=\"async\" class=\"wp-image-11084 size-full aligncenter\" src=\"https:\/\/www.izo.sik.si\/wp-content\/uploads\/2021\/09\/oddelek_za_otroke_in_mladino_1_20110503_1485918338.jpg\" alt=\"\" width=\"500\" height=\"360\" srcset=\"https:\/\/www.izo.sik.si\/wp-content\/uploads\/2021\/09\/oddelek_za_otroke_in_mladino_1_20110503_1485918338.jpg 500w, https:\/\/www.izo.sik.si\/wp-content\/uploads\/2021\/09\/oddelek_za_otroke_in_mladino_1_20110503_1485918338-300x216.jpg 300w\" sizes=\"(max-width: 500px) 100vw, 500px\" \/><\/div><div>\u00a0<\/div><div>Nel reparto bambini e giovani si trova il materiale tecnico, disposto col sistema UDK, il materiale letterario \u00e8 invece disposto per livelli di et\u00e0 per i bambini dell&#8217;asilo e per le triadi nelle scuole elementari novennali. I bambini e i giovani possono prendere i libri in prestito oppure leggerli nella sala di lettura. I bambini hanno a disposizione quattro computer col collegamento ad Internet.<\/div><p>La stanza delle favole e la sala giochi<\/p><p>Nella stanza delle favole organizziamo regolarmente le ore delle favole per i pi\u00f9 piccoli. Le ore delle favole si svolgono i marted\u00ec in lingua slovena. Svolgiamo anche altre regolari forme di lavoro bibliopedagogico mensile: indovinelli letterari, quiz letterari, mostre di libri, corsi di disegno e teatro, incontri con scrittori, poeti ed illustratori, eventi per bambini, l&#8217;asilo e la scuola in visita.<\/p><p>Orario delle ore delle favole<\/p><table style=\"width: 101.044%; border-collapse: collapse; border-style: solid; border-color: #919191;\"><tbody><tr><td style=\"width: 27.7548%;\"><p style=\"padding-left: 40px;\">marted\u00ec<\/p><\/td><td style=\"width: 32.7135%; padding-left: 40px;\">17:00 &#8211; 17:45<\/td><td style=\"width: 40.5754%; padding-left: 40px;\">in lingua slovena<\/td><\/tr><\/tbody><\/table><p>Le ore delle favole si svolgono da ottobre fino a fine aprile per bambini dai 4 anni in su.<\/p><p>Bibliotecarie \/-o:<\/p><p>Nives Kaligari\u010d<\/p><p>\u0160pela Pahor<\/p><p>Jan Bednarik<\/p><\/div>\n\t\t\t\t<\/div>\n\t\t\t\t\t\t\t<div class=\"elementor-accordion-item\">\n\t\t\t\t\t<div id=\"elementor-tab-title-1795\" class=\"elementor-tab-title\" data-tab=\"5\" role=\"button\" aria-controls=\"elementor-tab-content-1795\" aria-expanded=\"false\">\n\t\t\t\t\t\t\t\t\t\t\t\t\t<span class=\"elementor-accordion-icon elementor-accordion-icon-left\" aria-hidden=\"true\">\n\t\t\t\t\t\t\t\t\t\t\t\t\t\t\t<span class=\"elementor-accordion-icon-closed\"><i class=\"fas fa-plus\"><\/i><\/span>\n\t\t\t\t\t\t\t\t<span class=\"elementor-accordion-icon-opened\"><i class=\"fas fa-minus\"><\/i><\/span>\n\t\t\t\t\t\t\t\t\t\t\t\t\t\t<\/span>\n\t\t\t\t\t\t\t\t\t\t\t\t<a class=\"elementor-accordion-title\" tabindex=\"0\">Materiale non letterario<\/a>\n\t\t\t\t\t<\/div>\n\t\t\t\t\t<div id=\"elementor-tab-content-1795\" class=\"elementor-tab-content elementor-clearfix\" data-tab=\"5\" role=\"region\" aria-labelledby=\"elementor-tab-title-1795\"><div>\u00a0<\/div><div><img loading=\"lazy\" decoding=\"async\" class=\"wp-image-11082 size-full aligncenter\" src=\"https:\/\/www.izo.sik.si\/wp-content\/uploads\/2021\/09\/neknjizno_gradivo_1_20110503_1076274988.jpg\" alt=\"\" width=\"500\" height=\"360\" srcset=\"https:\/\/www.izo.sik.si\/wp-content\/uploads\/2021\/09\/neknjizno_gradivo_1_20110503_1076274988.jpg 500w, https:\/\/www.izo.sik.si\/wp-content\/uploads\/2021\/09\/neknjizno_gradivo_1_20110503_1076274988-300x216.jpg 300w\" sizes=\"(max-width: 500px) 100vw, 500px\" \/><\/div><p>In biblioteca teniamo anche materiale non letterario: cd, cd musicali e video\u00a0 DVD con film e tematiche d&#8217;insegnamento.<\/p><\/div>\n\t\t\t\t<\/div>\n\t\t\t\t\t\t\t\t<\/div>\n\t\t\t\t\t\t<\/div>\n\t\t\t\t<\/div>\n\t\t\t\t\t<\/div>\n\t\t<\/div>\n\t\t\t\t\t<\/div>\n\t\t<\/section>\n\t\t\t\t<\/div>\n\t\t","protected":false},"excerpt":{"rendered":"<p>A parte le regolari attivit\u00e0 bibliotecarie, quali il fornimento, l&#8217;elaborazione e i prestiti, organizziamo e svolgiamo anche varie manifestazioni per bambini e adulti, quali: le ore delle favole, l&#8217;asilo e [&hellip;]<\/p>\n","protected":false},"author":2,"featured_media":0,"parent":0,"menu_order":0,"comment_status":"closed","ping_status":"closed","template":"","meta":{"_acf_changed":false,"ngg_post_thumbnail":0,"footnotes":""},"class_list":["post-11795","page","type-page","status-publish","hentry"],"acf":[],"_links":{"self":[{"href":"https:\/\/www.izo.sik.si\/it\/wp-json\/wp\/v2\/pages\/11795","targetHints":{"allow":["GET"]}}],"collection":[{"href":"https:\/\/www.izo.sik.si\/it\/wp-json\/wp\/v2\/pages"}],"about":[{"href":"https:\/\/www.izo.sik.si\/it\/wp-json\/wp\/v2\/types\/page"}],"author":[{"embeddable":true,"href":"https:\/\/www.izo.sik.si\/it\/wp-json\/wp\/v2\/users\/2"}],"replies":[{"embeddable":true,"href":"https:\/\/www.izo.sik.si\/it\/wp-json\/wp\/v2\/comments?post=11795"}],"version-history":[{"count":29,"href":"https:\/\/www.izo.sik.si\/it\/wp-json\/wp\/v2\/pages\/11795\/revisions"}],"predecessor-version":[{"id":12047,"href":"https:\/\/www.izo.sik.si\/it\/wp-json\/wp\/v2\/pages\/11795\/revisions\/12047"}],"wp:attachment":[{"href":"https:\/\/www.izo.sik.si\/it\/wp-json\/wp\/v2\/media?parent=11795"}],"curies":[{"name":"wp","href":"https:\/\/api.w.org\/{rel}","templated":true}]}}