{"id":11821,"date":"2021-12-16T15:48:39","date_gmt":"2021-12-16T14:48:39","guid":{"rendered":"http:\/\/izola.imenik-seo.si\/?page_id=11821"},"modified":"2021-12-21T14:14:23","modified_gmt":"2021-12-21T13:14:23","slug":"stroka-it","status":"publish","type":"page","link":"https:\/\/www.izo.sik.si\/it\/stroka-it\/","title":{"rendered":"Informazioni per bibliotecari"},"content":{"rendered":"<p>&nbsp;<\/p>\n<table style=\"border-collapse: collapse; width: 100%; height: 1440px;\">\n<tbody>\n<tr style=\"height: 240px;\">\n<td style=\"width: 43.1187%; height: 240px;\">&nbsp; <img decoding=\"async\" class=\"attachment-large aligncenter\" src=\"https:\/\/www.pir.sik.si\/wp-content\/uploads\/2020\/11\/izum.jpg\" sizes=\"(max-width: 511px) 100vw, 511px\" srcset=\"https:\/\/www.pir.sik.si\/wp-content\/uploads\/2020\/11\/izum.jpg 511w, https:\/\/www.pir.sik.si\/wp-content\/uploads\/2020\/11\/izum-300x66.jpg 300w\" alt=\"Mestna knji\u017enica Piran\" width=\"271\" height=\"64\">&nbsp; &nbsp;<\/td>\n<td style=\"width: 43.6116%; height: 240px;\">&nbsp;&nbsp;<\/p>\n<p>Istituto informatico che supporta le biblioteche pubbliche slovene.<\/p>\n<p>&nbsp;<\/td>\n<td style=\"width: 13.2696%; height: 240px;\">&nbsp; &nbsp; &nbsp; &nbsp; <a class=\"elementor-button-link elementor-button elementor-size-sm\" role=\"button\" href=\"https:\/\/www.izum.si\/\" target=\"_blank\" rel=\"noopener\"><span class=\"elementor-button-content-wrapper\"><span class=\"elementor-button-text\">Entra<\/span><\/span><\/a><\/td>\n<\/tr>\n<tr style=\"height: 264px;\">\n<td style=\"width: 43.1187%; height: 264px;\"><img decoding=\"async\" class=\"attachment-large alignnone aligncenter\" src=\"https:\/\/www.pir.sik.si\/wp-content\/uploads\/2020\/11\/vprasaj-knjiznicarja.jpg\" alt=\"Vprasaj Knjiznicarja\" width=\"155\" height=\"130\"><\/td>\n<td style=\"width: 43.6116%; height: 264px;\">&nbsp;&nbsp;<\/p>\n<p>Servizio di riferimento \u201cVpra\u0161aj knji\u017eni\u010darja\u201d\/ \u201cChiedi al bibliotecario\u201d offre due tipi base di aiuto: trasmissione di informazioni dalle diverse fonti informatiche e aiuto nell\u2019uso dei servizi COBISS (IZUM).<\/p>\n<p>&nbsp;<\/td>\n<td style=\"width: 13.2696%; height: 264px;\">&nbsp; &nbsp; &nbsp; &nbsp; <a class=\"elementor-button-link elementor-button elementor-size-sm\" role=\"button\" href=\"https:\/\/www.cobiss.si\/referencni_servis\/\" target=\"_blank\" rel=\"noopener\"><span class=\"elementor-button-content-wrapper\"><span class=\"elementor-button-text\">Entra<\/span><\/span><\/a><\/td>\n<\/tr>\n<tr style=\"height: 264px;\">\n<td style=\"width: 43.1187%; height: 264px;\"><img decoding=\"async\" class=\"attachment-large aligncenter\" src=\"https:\/\/www.pir.sik.si\/wp-content\/uploads\/2020\/11\/knjiznice.si_.jpg\" alt=\"Mestna knji\u017enica Piran\" width=\"271\" height=\"79\"><\/td>\n<td style=\"width: 43.6116%; height: 264px;\">&nbsp;&nbsp;<\/p>\n<p>Il portale Zdru\u017eenje slovenskih splo\u0161nih knji\u017enic \/ Associazione delle biblioteche pubbliche slovene, \u00e8 l\u2019organizzazione che collega le biblioteche pubbliche, rappresenta i loro interessi nell\u2019ambito della politica, delle strategie e della loro gestione.<\/p>\n<p>&nbsp;<\/td>\n<td style=\"width: 13.2696%; height: 264px;\">&nbsp; &nbsp; &nbsp; &nbsp; <a class=\"elementor-button-link elementor-button elementor-size-sm\" role=\"button\" href=\"https:\/\/www.knjiznice.si\/\" target=\"_blank\" rel=\"noopener\"><span class=\"elementor-button-content-wrapper\"><span class=\"elementor-button-text\">Entra<\/span><\/span><\/a><\/td>\n<\/tr>\n<tr style=\"height: 240px;\">\n<td style=\"width: 43.1187%; height: 240px;\"><img loading=\"lazy\" decoding=\"async\" class=\"attachment-large aligncenter\" src=\"https:\/\/www.pir.sik.si\/wp-content\/uploads\/2020\/11\/zbds.jpg\" sizes=\"(max-width: 200px) 100vw, 200px\" srcset=\"https:\/\/www.pir.sik.si\/wp-content\/uploads\/2020\/11\/zbds.jpg 200w, https:\/\/www.pir.sik.si\/wp-content\/uploads\/2020\/11\/zbds-150x150.jpg 150w\" alt=\"Zbds\" width=\"154\" height=\"154\"><\/td>\n<td style=\"width: 43.6116%; height: 240px;\">&nbsp;&nbsp;<\/p>\n<p>Zveza bibliotekarskih dru\u0161tev Slovenije \/ Unione delle societ\u00e0 bibliotecarie della Slovenia. Collega le societ\u00e0 e i singoli dell\u2019ambito bibliotecario e informatico nella Repubblica di Slovenia e all\u2019estero.<\/p>\n<p>&nbsp;<\/td>\n<td style=\"width: 13.2696%; height: 240px;\">&nbsp; &nbsp; &nbsp; &nbsp; <a class=\"elementor-button-link elementor-button elementor-size-sm\" role=\"button\" href=\"http:\/\/www.zbds-zveza.si\/\" target=\"_blank\" rel=\"noopener\"><span class=\"elementor-button-content-wrapper\"><span class=\"elementor-button-text\">Entra<\/span><\/span><\/a><\/td>\n<\/tr>\n<tr style=\"height: 216px;\">\n<td style=\"width: 43.1187%; height: 216px;\"><img loading=\"lazy\" decoding=\"async\" class=\"attachment-large aligncenter\" src=\"https:\/\/www.pir.sik.si\/wp-content\/uploads\/2020\/11\/nuk.jpg\" sizes=\"(max-width: 234px) 100vw, 234px\" srcset=\"https:\/\/www.pir.sik.si\/wp-content\/uploads\/2020\/11\/nuk.jpg 234w, https:\/\/www.pir.sik.si\/wp-content\/uploads\/2020\/11\/nuk-230x73.jpg 230w\" alt=\"Mestna knji\u017enica Piran\" width=\"271\" height=\"93\"><\/td>\n<td style=\"width: 43.6116%; height: 216px;\">&nbsp;&nbsp;<\/p>\n<p>\u201cNarodna in univerzitetna knji\u017enica\u201d \u00e8 la Biblioteca nazionale della Slovenia.<\/p>\n<p>&nbsp;<\/td>\n<td style=\"width: 13.2696%; height: 216px;\">&nbsp; &nbsp; &nbsp; &nbsp; <a class=\"elementor-button-link elementor-button elementor-size-sm\" role=\"button\" href=\"https:\/\/www.nuk.uni-lj.si\/\" target=\"_blank\" rel=\"noopener\"><span class=\"elementor-button-content-wrapper\"><span class=\"elementor-button-text\">Entra<\/span><\/span><\/a><\/td>\n<\/tr>\n<tr style=\"height: 216px;\">\n<td style=\"width: 43.1187%; height: 216px;\"><img loading=\"lazy\" decoding=\"async\" class=\"attachment-large aligncenter\" src=\"https:\/\/www.pir.sik.si\/wp-content\/uploads\/2020\/11\/biblioblog.jpg\" sizes=\"(max-width: 402px) 100vw, 402px\" srcset=\"https:\/\/www.pir.sik.si\/wp-content\/uploads\/2020\/11\/biblioblog.jpg 402w, https:\/\/www.pir.sik.si\/wp-content\/uploads\/2020\/11\/biblioblog-300x55.jpg 300w, https:\/\/www.pir.sik.si\/wp-content\/uploads\/2020\/11\/biblioblog-400x74.jpg 400w\" alt=\"Biblioblog\" width=\"271\" height=\"53\"><\/td>\n<td style=\"width: 43.6116%; height: 216px;\">&nbsp;&nbsp;<\/p>\n<p>Blog \u201criguarda i campi d\u2019interesse dei bibliotecari\u201d.<\/p>\n<p>&nbsp;<\/td>\n<td style=\"width: 13.2696%; height: 216px;\">&nbsp; &nbsp; &nbsp; &nbsp; <a class=\"elementor-button-link elementor-button elementor-size-sm\" role=\"button\" href=\"https:\/\/www.biblioblog.si\/\" target=\"_blank\" rel=\"noopener\"><span class=\"elementor-button-content-wrapper\"><span class=\"elementor-button-text\">Entra<\/span><\/span><\/a><\/td>\n<\/tr>\n<\/tbody>\n<\/table>\n<div class=\"content-main\">\n<div class=\"container\">\n<div class=\"row\">\n<div id=\"primary\" class=\"col-12\">\n<div class=\"entry-content\">\n<div class=\"bialty-container\">\n<div class=\"elementor elementor-414\" data-elementor-type=\"wp-page\" data-elementor-id=\"414\" data-elementor-settings=\"[]\">\n<div class=\"elementor-inner\">\n<div class=\"elementor-section-wrap\">\n<section class=\"elementor-section elementor-top-section elementor-element elementor-element-d0cb284 elementor-section-boxed elementor-section-height-default elementor-section-height-default\" data-id=\"d0cb284\" data-element_type=\"section\">\n<div class=\"elementor-container elementor-column-gap-default\">\n<div class=\"elementor-row\">\n<div class=\"elementor-column elementor-col-33 elementor-top-column elementor-element elementor-element-a9ce6ef\" data-id=\"a9ce6ef\" data-element_type=\"column\">\n<div class=\"elementor-column-wrap elementor-element-populated\">\n<div class=\"elementor-widget-wrap\">\n<div class=\"elementor-element elementor-element-4b8c5be elementor-widget elementor-widget-image\" data-id=\"4b8c5be\" data-element_type=\"widget\" data-widget_type=\"image.default\">\n<div class=\"elementor-widget-container\">\n<div class=\"elementor-image\">&nbsp;<\/div>\n<\/div>\n<\/div>\n<\/div>\n<\/div>\n<\/div>\n<\/div>\n<\/div>\n<\/section>\n<\/div>\n<\/div>\n<\/div>\n<\/div>\n<\/div>\n<\/div>\n<\/div>\n<\/div>\n<\/div>\n","protected":false},"excerpt":{"rendered":"<p>&nbsp; &nbsp; &nbsp; &nbsp; &nbsp;&nbsp; Istituto informatico che supporta le biblioteche pubbliche slovene. &nbsp; &nbsp; &nbsp; &nbsp; &nbsp; Entra &nbsp;&nbsp; Servizio di riferimento \u201cVpra\u0161aj knji\u017eni\u010darja\u201d\/ \u201cChiedi al bibliotecario\u201d offre due [&hellip;]<\/p>\n","protected":false},"author":2,"featured_media":0,"parent":0,"menu_order":0,"comment_status":"closed","ping_status":"closed","template":"","meta":{"_acf_changed":false,"ngg_post_thumbnail":0,"footnotes":""},"class_list":["post-11821","page","type-page","status-publish","hentry"],"acf":[],"_links":{"self":[{"href":"https:\/\/www.izo.sik.si\/it\/wp-json\/wp\/v2\/pages\/11821","targetHints":{"allow":["GET"]}}],"collection":[{"href":"https:\/\/www.izo.sik.si\/it\/wp-json\/wp\/v2\/pages"}],"about":[{"href":"https:\/\/www.izo.sik.si\/it\/wp-json\/wp\/v2\/types\/page"}],"author":[{"embeddable":true,"href":"https:\/\/www.izo.sik.si\/it\/wp-json\/wp\/v2\/users\/2"}],"replies":[{"embeddable":true,"href":"https:\/\/www.izo.sik.si\/it\/wp-json\/wp\/v2\/comments?post=11821"}],"version-history":[{"count":4,"href":"https:\/\/www.izo.sik.si\/it\/wp-json\/wp\/v2\/pages\/11821\/revisions"}],"predecessor-version":[{"id":12009,"href":"https:\/\/www.izo.sik.si\/it\/wp-json\/wp\/v2\/pages\/11821\/revisions\/12009"}],"wp:attachment":[{"href":"https:\/\/www.izo.sik.si\/it\/wp-json\/wp\/v2\/media?parent=11821"}],"curies":[{"name":"wp","href":"https:\/\/api.w.org\/{rel}","templated":true}]}}