{"id":20540,"date":"2026-04-23T15:52:27","date_gmt":"2026-04-23T13:52:27","guid":{"rendered":"https:\/\/www.izo.sik.si\/?page_id=20540"},"modified":"2026-04-23T17:39:45","modified_gmt":"2026-04-23T15:39:45","slug":"primorci-leggono-2026","status":"publish","type":"page","link":"https:\/\/www.izo.sik.si\/it\/primorci-leggono-2026\/","title":{"rendered":"Primorci beremo 2026"},"content":{"rendered":"<p data-start=\"0\" data-end=\"25\"><strong data-start=\"0\" data-end=\"25\">Primorci beremo 2026<\/strong><\/p>\n<p data-start=\"27\" data-end=\"300\">Il progetto <em data-start=\"39\" data-end=\"56\">Primorci beremo<\/em> da 20 anni collega le biblioteche del Litorale sloveno in un\u2019azione comune di promozione della lettura di autori sloveni. Si tratta di uno dei progetti di lettura pi\u00f9 grandi e riconoscibili della regione, che ogni anno attira numerosi lettori.<\/p>\n<p data-start=\"302\" data-end=\"751\">\u00c8 rivolto a persone dai 15 anni in su che amano leggere letteratura slovena di qualit\u00e0 oppure desiderano scoprirla. I lettori possono scegliere tra oltre 80 titoli diversi di opere di autori sloveni, da un elenco accuratamente selezionato. Quest\u2019anno la partecipazione \u00e8 ulteriormente arricchita, poich\u00e9 i lettori possono includere nella sfida di lettura anche alcuni dei titoli pi\u00f9 letti degli anni passati dell progetto.<\/p>\n<h3 data-section-id=\"12onl8j\" data-start=\"753\" data-end=\"774\">Come partecipare?<\/h3>\n<p data-start=\"775\" data-end=\"816\">La partecipazione al progetto \u00e8 semplice:<\/p>\n<ul data-start=\"818\" data-end=\"1004\">\n<li data-section-id=\"1nifk1h\" data-start=\"818\" data-end=\"872\">sei membro della biblioteca e hai pi\u00f9 di 15 anni<\/li>\n<li data-section-id=\"16iyho8\" data-start=\"873\" data-end=\"914\">leggi i libri dalla lista consigliata<\/li>\n<li data-section-id=\"8fs36w\" data-start=\"915\" data-end=\"1004\">consegna in biblioteca il segnalibro compilato con le tue riflessioni sul libro letto<\/li>\n<\/ul>\n<p data-start=\"1006\" data-end=\"1183\">Per completare con successo il progetto, i lettori adulti devono generalmente leggere almeno 5 opere in prosa e 1 raccolta di poesia (in totale 6 libri) dalla lista consigliata.<\/p>\n<h3 data-section-id=\"1t5kvy4\" data-start=\"1185\" data-end=\"1208\">Durata del progetto<\/h3>\n<p data-start=\"1209\" data-end=\"1400\">Il progetto inizia nella Giornata mondiale del libro, il 23 aprile, e dura fino al 6 novembre, offrendo cos\u00ec abbastanza tempo per una lettura rilassata e la scoperta di nuove voci letterarie.<\/p>\n<h3 data-section-id=\"x27fqa\" data-start=\"1402\" data-end=\"1425\">Perch\u00e9 partecipare?<\/h3>\n<ul data-start=\"1427\" data-end=\"1618\">\n<li data-section-id=\"1dshm58\" data-start=\"1427\" data-end=\"1466\">scopri autori sloveni contemporanei<\/li>\n<li data-section-id=\"1jft4ji\" data-start=\"1467\" data-end=\"1503\">sviluppi le abitudini di lettura<\/li>\n<li data-section-id=\"14tz03p\" data-start=\"1504\" data-end=\"1543\">partecipi a una comunit\u00e0 di lettori<\/li>\n<li data-section-id=\"vibez2\" data-start=\"1544\" data-end=\"1618\">al termine del progetto ricevi un riconoscimento simbolico e un premio<\/li>\n<\/ul>\n<p data-start=\"1620\" data-end=\"1867\" data-is-last-node=\"\" data-is-only-node=\"\">Il valore speciale del progetto sta nella connessione, non solo dei libri, ma anche delle persone. In questo periodo le biblioteche organizzano numerosi eventi che arricchiscono la lettura con incontri dal vivo, conversazioni e scambi di opinioni.<\/p>\n","protected":false},"excerpt":{"rendered":"<p>Primorci beremo 2026 Il progetto Primorci beremo da 20 anni collega le biblioteche del Litorale sloveno in un\u2019azione comune di promozione della lettura di autori sloveni. Si tratta di uno [&hellip;]<\/p>\n","protected":false},"author":9,"featured_media":0,"parent":0,"menu_order":0,"comment_status":"closed","ping_status":"closed","template":"","meta":{"_acf_changed":false,"ngg_post_thumbnail":0,"footnotes":""},"class_list":["post-20540","page","type-page","status-publish","hentry"],"acf":[],"_links":{"self":[{"href":"https:\/\/www.izo.sik.si\/it\/wp-json\/wp\/v2\/pages\/20540","targetHints":{"allow":["GET"]}}],"collection":[{"href":"https:\/\/www.izo.sik.si\/it\/wp-json\/wp\/v2\/pages"}],"about":[{"href":"https:\/\/www.izo.sik.si\/it\/wp-json\/wp\/v2\/types\/page"}],"author":[{"embeddable":true,"href":"https:\/\/www.izo.sik.si\/it\/wp-json\/wp\/v2\/users\/9"}],"replies":[{"embeddable":true,"href":"https:\/\/www.izo.sik.si\/it\/wp-json\/wp\/v2\/comments?post=20540"}],"version-history":[{"count":3,"href":"https:\/\/www.izo.sik.si\/it\/wp-json\/wp\/v2\/pages\/20540\/revisions"}],"predecessor-version":[{"id":20552,"href":"https:\/\/www.izo.sik.si\/it\/wp-json\/wp\/v2\/pages\/20540\/revisions\/20552"}],"wp:attachment":[{"href":"https:\/\/www.izo.sik.si\/it\/wp-json\/wp\/v2\/media?parent=20540"}],"curies":[{"name":"wp","href":"https:\/\/api.w.org\/{rel}","templated":true}]}}