{"id":20545,"date":"2026-04-23T15:56:55","date_gmt":"2026-04-23T13:56:55","guid":{"rendered":"https:\/\/www.izo.sik.si\/?page_id=20545"},"modified":"2026-04-23T15:56:55","modified_gmt":"2026-04-23T13:56:55","slug":"giornata-mondiale-del-libro","status":"publish","type":"page","link":"https:\/\/www.izo.sik.si\/it\/giornata-mondiale-del-libro\/","title":{"rendered":"Giornata mondiale del libro"},"content":{"rendered":"<p data-start=\"33\" data-end=\"524\">La Giornata mondiale del libro \u00e8 una festa della lettura, della conoscenza e della creativit\u00e0, celebrata in tutto il mondo. \u00c8 dedicata alla promozione della cultura della lettura e all\u2019importanza dei libri nello sviluppo dell\u2019individuo e della societ\u00e0. Le ricerche dimostrano che anche solo pochi minuti di lettura al giorno stimolano l\u2019immaginazione, rafforzano l\u2019empatia e arricchiscono il vocabolario, motivo per cui i libri restano una preziosa fonte di ispirazione e crescita personale.<\/p>\n<h3 data-section-id=\"6e5nhd\" data-start=\"526\" data-end=\"617\">Eventi nella Biblioteca civica di Isola in occasione della Giornata mondiale del libro:<\/h3>\n<p data-start=\"619\" data-end=\"810\"><strong data-start=\"619\" data-end=\"634\">20. 4. 2026<\/strong> Apertura del progetto <em data-start=\"657\" data-end=\"679\">Primorci beremo 2026<\/em><br data-start=\"679\" data-end=\"682\">\u2013 Conferenza di <span class=\"hover:entity-accent entity-underline inline cursor-pointer align-baseline\"><span class=\"whitespace-normal\">Nik \u0160krlec<\/span><\/span> con la presentazione del libro <em data-start=\"767\" data-end=\"810\">Dimentica tutto ci\u00f2 che sai sulla memoria<\/em><\/p>\n<p data-start=\"812\" data-end=\"971\"><strong data-start=\"812\" data-end=\"827\">22. 4. 2026<\/strong> Club di lettura <em data-start=\"844\" data-end=\"857\">Kira knjiga<\/em><br data-start=\"857\" data-end=\"860\">\u2013 Discussione sul libro <em data-start=\"884\" data-end=\"910\">Il bambino della foresta<\/em><br data-start=\"910\" data-end=\"913\">\u2013 Incontro tra lettori e scambio di impressioni di lettura<\/p>\n<p data-start=\"973\" data-end=\"1026\"><strong data-start=\"973\" data-end=\"988\">23. 4. 2026<\/strong> Inizio del progetto <em data-start=\"1009\" data-end=\"1026\">Primorci beremo<\/em><\/p>\n<p data-start=\"1028\" data-end=\"1159\"><strong data-start=\"1028\" data-end=\"1043\">23. 4. 2026<\/strong> Conferenza di viaggio<br data-start=\"1065\" data-end=\"1068\">\u2013 Conferenza: Viaggio in bicicletta attraverso l\u2019America Centrale<br data-start=\"1133\" data-end=\"1136\">\u2013 Relatore: Ale\u0161 Juvanc<\/p>\n<p data-start=\"1161\" data-end=\"1248\"><strong data-start=\"1161\" data-end=\"1176\">23. 4. 2026<\/strong> Gruppo di studio <em data-start=\"1194\" data-end=\"1246\">Gli alberi raccontano: sugli alberi per gli alberi<\/em><\/p>\n<p data-start=\"1250\" data-end=\"1432\">\u2013 Quest\u2019anno l\u2019osservazione e la discussione sugli alberi saranno collegate al poeta <span class=\"hover:entity-accent entity-underline inline cursor-pointer align-baseline\"><span class=\"whitespace-normal\">Sre\u010dko Kosovel<\/span><\/span>, con cui commemoriamo il 100\u00b0 anniversario della sua morte.<\/p>\n<h3 data-section-id=\"mcp8x3\" data-start=\"1439\" data-end=\"1486\">Siete cordialmente invitati a unirvi a noi!<\/h3>\n<p data-start=\"1488\" data-end=\"1771\" data-is-last-node=\"\" data-is-only-node=\"\">Che amiate leggere o stiate ancora cercando ispirazione, <em data-start=\"1545\" data-end=\"1567\">Primorci beremo 2026<\/em> \u00e8 un\u2019ottima occasione per entrare a far parte di una comunit\u00e0 di lettori. Seguite i nostri eventi e scoprite come i libri possano unire le persone, ampliare gli orizzonti e arricchire la vita quotidiana.<\/p>\n","protected":false},"excerpt":{"rendered":"<p>La Giornata mondiale del libro \u00e8 una festa della lettura, della conoscenza e della creativit\u00e0, celebrata in tutto il mondo. \u00c8 dedicata alla promozione della cultura della lettura e all\u2019importanza [&hellip;]<\/p>\n","protected":false},"author":9,"featured_media":0,"parent":0,"menu_order":0,"comment_status":"closed","ping_status":"closed","template":"","meta":{"_acf_changed":false,"ngg_post_thumbnail":0,"footnotes":""},"class_list":["post-20545","page","type-page","status-publish","hentry"],"acf":[],"_links":{"self":[{"href":"https:\/\/www.izo.sik.si\/it\/wp-json\/wp\/v2\/pages\/20545","targetHints":{"allow":["GET"]}}],"collection":[{"href":"https:\/\/www.izo.sik.si\/it\/wp-json\/wp\/v2\/pages"}],"about":[{"href":"https:\/\/www.izo.sik.si\/it\/wp-json\/wp\/v2\/types\/page"}],"author":[{"embeddable":true,"href":"https:\/\/www.izo.sik.si\/it\/wp-json\/wp\/v2\/users\/9"}],"replies":[{"embeddable":true,"href":"https:\/\/www.izo.sik.si\/it\/wp-json\/wp\/v2\/comments?post=20545"}],"version-history":[{"count":1,"href":"https:\/\/www.izo.sik.si\/it\/wp-json\/wp\/v2\/pages\/20545\/revisions"}],"predecessor-version":[{"id":20546,"href":"https:\/\/www.izo.sik.si\/it\/wp-json\/wp\/v2\/pages\/20545\/revisions\/20546"}],"wp:attachment":[{"href":"https:\/\/www.izo.sik.si\/it\/wp-json\/wp\/v2\/media?parent=20545"}],"curies":[{"name":"wp","href":"https:\/\/api.w.org\/{rel}","templated":true}]}}